{"id":697,"date":"2018-03-31T17:37:17","date_gmt":"2018-03-31T14:37:17","guid":{"rendered":"http:\/\/tsfmuhendislik.com\/?page_id=697"},"modified":"2021-03-23T00:17:24","modified_gmt":"2021-03-22T21:17:24","slug":"ray-uygulamalari","status":"publish","type":"page","link":"http:\/\/tsfmuhendislik.com\/index.php\/ray-uygulamalari\/","title":{"rendered":"RAY  UYGULAMALARI"},"content":{"rendered":"<p>ANKRAJ YERLE\u015eT\u0130RME, \u00a0SAPLAMA EKME \u0130\u015eLEM\u0130 ( D\u00f6k\u00fclm\u00fc\u015f beton \u00fcst\u00fcne )<img decoding=\"async\" loading=\"lazy\" class=\"alignnone wp-image-703\" src=\"http:\/\/tsfmuhendislik.com\/wp-content\/uploads\/2018\/03\/saplama-ekme-00-300x190.jpg\" alt=\"\" width=\"721\" height=\"459\" \/><\/p>\n<p>SELEK &#8211; SELET \u00a0SACI YERLE\u015eT\u0130RME<img decoding=\"async\" loading=\"lazy\" class=\"alignnone wp-image-702\" src=\"http:\/\/tsfmuhendislik.com\/wp-content\/uploads\/2018\/03\/RMK-KO\u00c7-TERSANES\u0130-2-00-300x181.jpg\" alt=\"\" width=\"636\" height=\"384\" srcset=\"http:\/\/tsfmuhendislik.com\/wp-content\/uploads\/2018\/03\/RMK-KO\u00c7-TERSANES\u0130-2-00-300x181.jpg 300w, http:\/\/tsfmuhendislik.com\/wp-content\/uploads\/2018\/03\/RMK-KO\u00c7-TERSANES\u0130-2-00.jpg 362w\" sizes=\"(max-width: 636px) 100vw, 636px\" \/><\/p>\n<p><strong>V\u0130N\u00c7 RAY AL\u00dcM\u0130NOTERM\u0130T KAYNA\u011eI<\/strong><img decoding=\"async\" loading=\"lazy\" class=\"alignnone wp-image-698\" src=\"http:\/\/tsfmuhendislik.com\/wp-content\/uploads\/2018\/03\/Al\u00fcminoterlit-vin\u00e7-ray-kayna\u011f\u0131-300x265.png\" alt=\"\" width=\"638\" height=\"564\" srcset=\"http:\/\/tsfmuhendislik.com\/wp-content\/uploads\/2018\/03\/Al\u00fcminoterlit-vin\u00e7-ray-kayna\u011f\u0131-300x265.png 300w, http:\/\/tsfmuhendislik.com\/wp-content\/uploads\/2018\/03\/Al\u00fcminoterlit-vin\u00e7-ray-kayna\u011f\u0131.png 768w\" sizes=\"(max-width: 638px) 100vw, 638px\" \/><\/p>\n<p>RAY ELEKTROT KAYNA\u011eI<img decoding=\"async\" loading=\"lazy\" class=\"alignnone wp-image-700\" src=\"http:\/\/tsfmuhendislik.com\/wp-content\/uploads\/2018\/03\/ray-kayna\u011f\u0131-3-00-289x300.jpg\" alt=\"\" width=\"636\" height=\"660\" srcset=\"http:\/\/tsfmuhendislik.com\/wp-content\/uploads\/2018\/03\/ray-kayna\u011f\u0131-3-00-289x300.jpg 289w, http:\/\/tsfmuhendislik.com\/wp-content\/uploads\/2018\/03\/ray-kayna\u011f\u0131-3-00.jpg 440w\" sizes=\"(max-width: 636px) 100vw, 636px\" \/><\/p>\n<div>\n<p>RAY KAYNAK UT. KONTROL VE RAY TA\u015eLAMA<img decoding=\"async\" loading=\"lazy\" class=\"alignnone wp-image-701\" src=\"http:\/\/tsfmuhendislik.com\/wp-content\/uploads\/2018\/03\/RAY-UT-KONTROL-2-00-300x226.jpg\" alt=\"\" width=\"630\" height=\"475\" srcset=\"http:\/\/tsfmuhendislik.com\/wp-content\/uploads\/2018\/03\/RAY-UT-KONTROL-2-00-300x226.jpg 300w, http:\/\/tsfmuhendislik.com\/wp-content\/uploads\/2018\/03\/RAY-UT-KONTROL-2-00.jpg 357w\" sizes=\"(max-width: 630px) 100vw, 630px\" \/><\/p>\n<p>RAY ALT YAPISI<\/p>\n<p><img decoding=\"async\" loading=\"lazy\" class=\"alignnone wp-image-699\" src=\"http:\/\/tsfmuhendislik.com\/wp-content\/uploads\/2018\/03\/RAY-ALT-YAPISI-KAZABLANKA-UNIVERS-ACIER-00-300x144.jpg\" alt=\"\" width=\"629\" height=\"302\" srcset=\"http:\/\/tsfmuhendislik.com\/wp-content\/uploads\/2018\/03\/RAY-ALT-YAPISI-KAZABLANKA-UNIVERS-ACIER-00-300x144.jpg 300w, http:\/\/tsfmuhendislik.com\/wp-content\/uploads\/2018\/03\/RAY-ALT-YAPISI-KAZABLANKA-UNIVERS-ACIER-00.jpg 618w\" sizes=\"(max-width: 629px) 100vw, 629px\" \/><\/p>\n<p><strong>END\u00dcSTR\u0130YEL RAY UYGULAMALARI, MONTAJ, ONARIM, DEMONTAJ<\/strong>\u00c7EL\u0130KHANE ARABA RAYLARI<br \/>\nTERSANE &#8211; \u00c7EL\u0130KHANE V\u0130N\u00c7 RAYLARI<br \/>\nTRANSFER ARABASI RAYLARI<br \/>\nKULE V\u0130N\u00c7 RAYLARI<br \/>\nMADEN OCAKLARI RAYLARI<br \/>\nHANGAR KAPI RAYLARI<br \/>\nTRAFO RAYLARI<br \/>\n\u00d6ZEL UYGULAMA RAYLARI<br \/>\nHEGZAM\u0130N GE\u00c7\u0130\u015eLER<br \/>\nRAY BA\u011eLANTI ELEMANLARI<br \/>\nUSA-AVRUPA-RUS STANDARTI RAYLAR<br \/>\nRAY ALT YAPISI OLU\u015eTURMA<br \/>\nRAY MONTAJ<br \/>\nVin\u00e7 Ray\u0131 Al\u00fcminotermit Kayna\u011f\u0131<br \/>\nVin\u00e7 Ray\u0131 Elektrot Kayna\u011f\u0131<br \/>\nRAY EBATLANDIRMA<br \/>\nRAY SORUNLARININ G\u0130DER\u0130LMES\u0130<br \/>\nliman ray d\u00f6\u015feme<br \/>\nL\u0130MAN RAYLARI<br \/>\nL\u0130MAN RAY KOROZYON \u00d6NLEME<br \/>\nRAY KOROZYON \u00d6NLEME<br \/>\nRAY KUMLAMA<br \/>\nRAY BOYAMA<\/p>\n<p><a href=\"http:\/\/tsfmuhendislik.com\/index.php\/sik-sorulan-sorular-teknik-tablolar\/\"><img decoding=\"async\" src=\"http:\/\/tsfmuhendislik.com\/wp-content\/uploads\/2018\/03\/vin%C3%A7ler-ve-RAYLAR-%C4%B0%C3%87%C4%B0N-SIK-SORULAN-SORULAR-300x151.jpg\" alt=\"2\" \/><\/a><\/p>\n<\/div>\n<table width=\"555\">\n<tbody>\n<tr>\n<td width=\"185\"><strong>\u00a0A T\u0130P\u0130 V\u0130N\u00c7 RAYI<\/strong><a href=\"http:\/\/tsfmuhendislik.com\/index.php\/2018\/03\/30\/a-serisi-ray-vinc-rayi\/\"><img decoding=\"async\" src=\"http:\/\/tsfmuhendislik.com\/wp-content\/uploads\/2018\/03\/A-SER%C4%B0S%C4%B0-RAYLAR-1.jpg\" \/><\/a><\/td>\n<td width=\"185\">\u00a0<strong>S T\u0130P\u0130 RAY<\/strong><a href=\"http:\/\/tsfmuhendislik.com\/index.php\/2018\/03\/31\/s-serisi-raylar\/\"><img decoding=\"async\" src=\"http:\/\/tsfmuhendislik.com\/wp-content\/uploads\/2018\/03\/S-SER%C4%B0S%C4%B0-RAYLAR-1.jpg\" \/><\/a><\/td>\n<td width=\"185\"><strong>SO\u011eUK \u00c7EKME RAY<\/strong><a href=\"http:\/\/tsfmuhendislik.com\/index.php\/2018\/03\/31\/kare-dikdortgen-ray\/\"><img decoding=\"async\" src=\"http:\/\/tsfmuhendislik.com\/wp-content\/uploads\/2018\/03\/KARE-D%C4%B0KD%C3%96RTGEN-RAYLAR-1.jpg\" \/><\/a><\/td>\n<\/tr>\n<tr>\n<td><strong>\u00a0RAY KRAPOSU<a href=\"http:\/\/tsfmuhendislik.com\/index.php\/2018\/03\/31\/ray-krapolari-krapo\/\"><img decoding=\"async\" src=\"http:\/\/tsfmuhendislik.com\/wp-content\/uploads\/2018\/03\/RAY-KREPOSU-1.jpg\" \/><\/a><\/strong><\/td>\n<td><strong>\u00a0RAY PED\u0130 ( PAD )<a href=\"http:\/\/tsfmuhendislik.com\/index.php\/ray-pedi-pad-ray-ped\/\"><img decoding=\"async\" src=\"http:\/\/tsfmuhendislik.com\/wp-content\/uploads\/2018\/03\/RAY-PED%C4%B0-1.jpg\" \/><\/a><\/strong><\/td>\n<td><strong>\u00a0RAY UYGULAMA<\/strong><a href=\"http:\/\/tsfmuhendislik.com\/index.php\/ray-uygulamalari\/\"><img decoding=\"async\" src=\"http:\/\/tsfmuhendislik.com\/wp-content\/uploads\/2018\/03\/Ray-uygulamalar%C4%B1-1.jpg\" \/><\/a><\/td>\n<\/tr>\n<\/tbody>\n<\/table>\n<p>ray pedi, ray alt\u0131 kavu\u00e7uk, ray alt\u0131 lastik, ray pad, ray alt\u0131na ped konmal\u0131 m\u0131? ray pedinin faydalar\u0131, ray pedi neden kullan\u0131l\u0131r? ray pedi kullanmasak ne olur? ray pedi nas\u0131l olmal\u0131?\u00a0vin\u00e7 ray\u0131 . vin\u00e7 i\u00e7in ray . trafo ray\u0131 . ray . yeni ray . kullan\u0131lm\u0131\u015f ray . liman vin\u00e7i ray\u0131 . ray d\u00f6\u015feme . ray montaj . ray \u015fekillendirme . ray kod alma . ray onar\u0131n . ray vin\u00e7 uyumu . ray se\u00e7imi . ray hesaplama . ray \u0131s\u0131l genle\u015fme . ray uzamas\u0131 .ray aras\u0131 bo\u015fluk ne olmal\u0131 . krapo ne s\u0131kl\u0131kta d\u00f6\u015fenmeli . krapo s\u0131kl\u0131k hesab\u0131 . krapo se\u00e7imi. ray a\u015f\u0131nma . ray revizyon . rayba\u011flant\u0131 . ray kayna\u011f\u0131 . ray elektrot kayna\u011f\u0131 . ray defermasyon . ray \u00e7e\u015fitleri . ray t\u00fcrleri . ray ile ilgili . rayla ilgili . vadeli ray sat\u0131\u015f\u0131 . ray tamponu . ray sonu .ray d\u00fcbeli .ray saplamas\u0131 . ray selek sac\u0131 . ray i\u00e7in teknik bilgi. kare ray . so\u011fuk \u00e7ekme ray . dikd\u00f6rtgen ray . st52 so\u011fuk \u00e7ekme ray . kedi ray\u0131 . troley ray\u0131 . transfer arabas\u0131 ray\u0131 . domuz arabas\u0131 ray\u0131 . ray . ray tipi ray \u00e7e\u015fidi ray t\u00fcr\u00fc,\u00a0ray demiri, demir ray. vin\u00e7 ray\u0131 . vin\u00e7 i\u00e7in ray . trafo ray\u0131 . ray . yeni ray . kullan\u0131lm\u0131\u015f ray . liman vin\u00e7i ray\u0131 . ray d\u00f6\u015feme . ray montaj . ray \u015fekillendirme . ray kod alma . ray onar\u0131n . ray vin\u00e7 uyumu . ray se\u00e7imi . ray hesaplama . ray \u0131s\u0131l genle\u015fme . ray uzamas\u0131 .ray aras\u0131 bo\u015flukne olmal\u0131 . krapo ne s\u0131kl\u0131kta d\u00f6\u015fenmeli . krapo s\u0131kl\u0131k hesab\u0131 . krapo se\u00e7imi. ray a\u015f\u0131nma . ray revizyon . ray ba\u011flant\u0131 . ray kayna\u011f\u0131 . ray elektrot kayna\u011f\u0131 . ray defermasyon . ray \u00e7e\u015fitleri . ray t\u00fcrleri . ray ile ilgili . rayla ilgili . ray tamponu . ray sonu .ray d\u00fcbeli .ray saplamas\u0131 . ray selek sac\u0131 . ray i\u00e7in teknik bilgi. kare ray . so\u011fuk \u00e7ekme ray . dikd\u00f6rtgen ray . st52 so\u011fuk \u00e7ekme ray . kedi ray\u0131 . troley ray\u0131 . transfer arabas\u0131 ray\u0131 . domuz arabas\u0131 ray\u0131 . ray . ray demiri, ray profilleri, kare raylar, dolu raylar, konvery\u00f6r sistem raylar\u0131.st52 ray, s\u0131ca\u011fa dayan\u0131kl\u0131 ray, ray genle\u015fmesi, ray bozulmas\u0131, ray a\u015f\u0131nmas\u0131, ray kr\u0131lmas\u0131, ray onar\u0131m\u0131, ray bak\u0131m\u0131.<\/p>\n","protected":false},"excerpt":{"rendered":"<p>ANKRAJ YERLE\u015eT\u0130RME, \u00a0SAPLAMA EKME \u0130\u015eLEM\u0130 ( D\u00f6k\u00fclm\u00fc\u015f beton \u00fcst\u00fcne ) SELEK &#8211; SELET \u00a0SACI YERLE\u015eT\u0130RME V\u0130N\u00c7 RAY AL\u00dcM\u0130NOTERM\u0130T KAYNA\u011eI RAY ELEKTROT KAYNA\u011eI RAY KAYNAK UT. KONTROL VE RAY TA\u015eLAMA RAY ALT YAPISI END\u00dcSTR\u0130YEL RAY UYGULAMALARI, MONTAJ, ONARIM, DEMONTAJ\u00c7EL\u0130KHANE ARABA RAYLARI TERSANE &#8211; \u00c7EL\u0130KHANE V\u0130N\u00c7 RAYLARI TRANSFER ARABASI RAYLARI KULE V\u0130N\u00c7 RAYLARI MADEN OCAKLARI RAYLARI HANGAR [&hellip;]<\/p>\n","protected":false},"author":1,"featured_media":0,"parent":0,"menu_order":0,"comment_status":"closed","ping_status":"closed","template":"","meta":{"footnotes":""},"_links":{"self":[{"href":"http:\/\/tsfmuhendislik.com\/index.php\/wp-json\/wp\/v2\/pages\/697"}],"collection":[{"href":"http:\/\/tsfmuhendislik.com\/index.php\/wp-json\/wp\/v2\/pages"}],"about":[{"href":"http:\/\/tsfmuhendislik.com\/index.php\/wp-json\/wp\/v2\/types\/page"}],"author":[{"embeddable":true,"href":"http:\/\/tsfmuhendislik.com\/index.php\/wp-json\/wp\/v2\/users\/1"}],"replies":[{"embeddable":true,"href":"http:\/\/tsfmuhendislik.com\/index.php\/wp-json\/wp\/v2\/comments?post=697"}],"version-history":[{"count":6,"href":"http:\/\/tsfmuhendislik.com\/index.php\/wp-json\/wp\/v2\/pages\/697\/revisions"}],"predecessor-version":[{"id":1268,"href":"http:\/\/tsfmuhendislik.com\/index.php\/wp-json\/wp\/v2\/pages\/697\/revisions\/1268"}],"wp:attachment":[{"href":"http:\/\/tsfmuhendislik.com\/index.php\/wp-json\/wp\/v2\/media?parent=697"}],"curies":[{"name":"wp","href":"https:\/\/api.w.org\/{rel}","templated":true}]}}