{"id":689,"date":"2018-03-31T17:13:33","date_gmt":"2018-03-31T14:13:33","guid":{"rendered":"http:\/\/tsfmuhendislik.com\/?page_id=689"},"modified":"2024-03-03T13:32:22","modified_gmt":"2024-03-03T10:32:22","slug":"ray-pedi-pad-ray-ped","status":"publish","type":"page","link":"http:\/\/tsfmuhendislik.com\/index.php\/ray-pedi-pad-ray-ped\/","title":{"rendered":"RAY PED\u0130 ( PAD ) RAY PED"},"content":{"rendered":"<p><strong>Ray Pedi a\u011f\u0131r vin\u00e7 yollar\u0131nda, raylar ve destekleyici \u00a0yap\u0131 aras\u0131nda kullan\u0131lan,\u00a0<\/strong><strong>sentetik elastomerden \u00a0<\/strong><strong>\u00fcretilen \u00a0bir \u00a0mamuld\u00fcr. \u00a0<\/strong><strong>Ray \u00a0taban \u00a0 ebatlar\u0131na \u00a0g\u00f6re \u00a0<\/strong><strong>belirlenmi\u015f \u00a0\u00e7e\u015fitli \u00a0geni\u015fliklerde \u00a0ve \u00a0standart \u00a0<\/strong><strong>olarak \u00a012 m. boyunda \u00fcretilir.\u00a0<\/strong><\/p>\n<p><img decoding=\"async\" loading=\"lazy\" class=\"alignnone size-full wp-image-1541\" src=\"http:\/\/tsfmuhendislik.com\/wp-content\/uploads\/2024\/02\/ray-pedi-tablosu.png\" alt=\"\" width=\"856\" height=\"383\" srcset=\"http:\/\/tsfmuhendislik.com\/wp-content\/uploads\/2024\/02\/ray-pedi-tablosu.png 856w, http:\/\/tsfmuhendislik.com\/wp-content\/uploads\/2024\/02\/ray-pedi-tablosu-300x134.png 300w, http:\/\/tsfmuhendislik.com\/wp-content\/uploads\/2024\/02\/ray-pedi-tablosu-768x344.png 768w\" sizes=\"(max-width: 856px) 100vw, 856px\" \/> <img decoding=\"async\" loading=\"lazy\" class=\"alignnone size-full wp-image-1540\" src=\"http:\/\/tsfmuhendislik.com\/wp-content\/uploads\/2024\/02\/ray-pedi-Rail-Pad.png\" alt=\"\" width=\"822\" height=\"565\" srcset=\"http:\/\/tsfmuhendislik.com\/wp-content\/uploads\/2024\/02\/ray-pedi-Rail-Pad.png 822w, http:\/\/tsfmuhendislik.com\/wp-content\/uploads\/2024\/02\/ray-pedi-Rail-Pad-300x206.png 300w, http:\/\/tsfmuhendislik.com\/wp-content\/uploads\/2024\/02\/ray-pedi-Rail-Pad-768x528.png 768w\" sizes=\"(max-width: 822px) 100vw, 822px\" \/><br \/>\n<img decoding=\"async\" loading=\"lazy\" class=\"wp-image-691 aligncenter\" src=\"http:\/\/tsfmuhendislik.com\/wp-content\/uploads\/2018\/03\/RAY-PED\u0130-1-1.jpg\" alt=\"\" width=\"261\" height=\"213\" \/><\/p>\n<p><img decoding=\"async\" loading=\"lazy\" class=\"alignnone wp-image-692\" src=\"http:\/\/tsfmuhendislik.com\/wp-content\/uploads\/2018\/03\/RAY-PED\u0130-3-300x205.jpg\" alt=\"\" width=\"639\" height=\"437\" srcset=\"http:\/\/tsfmuhendislik.com\/wp-content\/uploads\/2018\/03\/RAY-PED\u0130-3-300x205.jpg 300w, http:\/\/tsfmuhendislik.com\/wp-content\/uploads\/2018\/03\/RAY-PED\u0130-3.jpg 409w\" sizes=\"(max-width: 639px) 100vw, 639px\" \/><\/p>\n<p><span style=\"color: revert; font-size: revert; font-weight: revert;\">F\u0130Z\u0130KSEL \u00d6ZELL\u0130KLER<\/span><\/p>\n<table border=\"1\" cellspacing=\"0\" cellpadding=\"0\">\n<colgroup>\n<col width=\"218\" \/>\n<col width=\"105\" \/><\/colgroup>\n<tbody>\n<tr>\n<td width=\"218\" height=\"17\">\u00a0 Shore<\/td>\n<td class=\"xl65\" width=\"105\">\u00a0 75 \u00b15<\/td>\n<\/tr>\n<tr>\n<td height=\"17\">\u00a0 Azami \u00c7ekme Dayan\u0131m\u0131<\/td>\n<td class=\"xl65\">\u00a0 12,5 N \/ mm2<\/td>\n<\/tr>\n<tr>\n<td height=\"17\">\u00a0 Uzama<\/td>\n<td class=\"xl66\">\u00a0 %220<\/td>\n<\/tr>\n<tr>\n<td height=\"17\">\u00a0 \u00c7al\u0131\u015fma S\u0131cakl\u0131\u011f\u0131<\/td>\n<td class=\"xl65\">\u00a0 -30 \/+110 C\u02da<\/td>\n<\/tr>\n<tr>\n<td height=\"17\">\u00a0 Titre\u015fim Azaltma<\/td>\n<td class=\"xl65\">\u00a0 %45 &#8211; %50<\/td>\n<\/tr>\n<tr>\n<td height=\"17\">\u00a0 G\u00fcr\u00fclt\u00fc Azaltma (dbA)<\/td>\n<td class=\"xl65\">\u00a0 %8 &#8211; %10<\/td>\n<\/tr>\n<tr>\n<td height=\"17\">\u00a0 Kal\u0131c\u0131 Deformasyon<\/td>\n<td class=\"xl66\">\u00a0 %5<\/td>\n<\/tr>\n<\/tbody>\n<\/table>\n<p><strong>Ray alt\u0131na ped kullan\u0131m\u0131n\u0131n \u00fc\u00e7 faydas\u0131 vard\u0131r.<\/strong><\/p>\n<p><strong>1-<\/strong>\u00a0Metal tekerlek, metal ray ve bunlar\u0131n birbirine olan etkile\u015fiminden \u00e7\u0131kacak sesin azalt\u0131lmas\u0131. Tekerlek yuvarlanma sesini minimize etmek.<\/p>\n<p><strong>2-<\/strong>\u00a0\u00d6zellikle y\u00fcksek tonajl\u0131 vin\u00e7lerde ray taban bas\u0131nc\u0131n\u0131n daha dengeli zemine aktar\u0131lmas\u0131.<\/p>\n<figure id=\"attachment_1497\" aria-describedby=\"caption-attachment-1497\" style=\"width: 525px\" class=\"wp-caption alignnone\"><img decoding=\"async\" loading=\"lazy\" class=\"size-full wp-image-1497\" src=\"http:\/\/tsfmuhendislik.com\/wp-content\/uploads\/2019\/10\/ray-ped-kulan\u0131m\u0131nda-y\u00fczey-gerilimi-00.jpg\" alt=\"\" width=\"525\" height=\"356\" srcset=\"http:\/\/tsfmuhendislik.com\/wp-content\/uploads\/2019\/10\/ray-ped-kulan\u0131m\u0131nda-y\u00fczey-gerilimi-00.jpg 525w, http:\/\/tsfmuhendislik.com\/wp-content\/uploads\/2019\/10\/ray-ped-kulan\u0131m\u0131nda-y\u00fczey-gerilimi-00-300x203.jpg 300w\" sizes=\"(max-width: 525px) 100vw, 525px\" \/><figcaption id=\"caption-attachment-1497\" class=\"wp-caption-text\">ray pedi. ray pedi kullan\u0131m\u0131. vin\u00e7 ray pedi faydas\u0131<\/figcaption><\/figure>\n<p>Ray pedi kullan\u0131m\u0131; Ray y\u00fck\u00fcn\u00fc daha geni\u015f bir alana yaymakla birlikte, g\u00f6z\u00fcken en y\u00fcksek bas\u0131nc\u0131 yar\u0131 yar\u0131ya d\u00fc\u015f\u00fcr\u00fcr.<\/p>\n<p><strong>3-<\/strong>\u00a0Raylar, \u00fczerindeki hareketlilikten, \u0131s\u0131l genle\u015fme ve b\u00fcz\u00fclmelerden dolay\u0131 dinamiktir. Ray\u0131n hareketlerini s\u0131n\u0131rlamak veya \u00f6nlemek i\u00e7in ray pedi, \u00f6zellikle y\u00fcksek tonajl\u0131 vin\u00e7lerde ve s\u0131cakl\u0131k farklar\u0131n\u0131n y\u00fcksek oldu\u011fu uygulama alanlar\u0131nda kullan\u0131lmaktad\u0131r.<\/p>\n<p>TSF Ray Pedi \u00e7elikle g\u00fc\u00e7lendirilmi\u015f kau\u00e7uk yap\u0131l\u0131 ray alt\u0131 selek malzemesidir. Vin\u00e7 raylar\u0131n\u0131n alt\u0131na monte edilen bir titre\u015fim ve gerilim azaltma g\u00f6revi \u00fcstlenir. Ana amac\u0131, ray ile zemin aras\u0131nda esnek bir tabaka olu\u015fturarak ray\u0131, ray alt\u0131 yap\u0131y\u0131 korumak ve ayr\u0131ca vincin titre\u015fim ve d\u00fczensiz ray-zemin temas\u0131 etkilerini minimize etmektir. Raylar\u0131n a\u015f\u0131r\u0131 tekerlek y\u00fckleri ile kar\u015f\u0131la\u015ft\u0131\u011f\u0131 yerlerde her zaman, ray montaj\u0131n\u0131n \u00f6nemli bir par\u00e7as\u0131d\u0131r.<\/p>\n<p>Ray pedleri 12 metre uzunlu\u011funda rulolar halinde \u00fcretilir ve 12 metre katlar\u0131 halinde sevk edilir. Farkl\u0131 ray tipleri i\u00e7in \u00e7e\u015fitli geni\u015fliklerde imal edilirler.<\/p>\n<p><strong>TSF <\/strong><strong>Ray Pedinin \u00d6zellikleri<\/strong><\/p>\n<ul>\n<li>G\u00fcr\u00fclt\u00fcy\u00fc ve yap\u0131sal titre\u015fimi azalt\u0131r<\/li>\n<li>Tekerlek y\u00fck\u00fcn\u00fc e\u015fit bir bi\u00e7imde da\u011f\u0131tarak d\u00fczensiz temas\u0131 ve gerilimi azalt\u0131r.<\/li>\n<li>Suya, ya\u011fa, grese, ozona ve mantar gibi etkilere kar\u015f\u0131 dayan\u0131kl\u0131d\u0131r.<\/li>\n<li>\u00c7elik plaka ile g\u00fc\u00e7lendirilmi\u015ftir. Bu \u00f6zelli\u011fi onu ezilme veya geni\u015flemeye kar\u015f\u0131 dayan\u0131kl\u0131 k\u0131lar.<\/li>\n<li>Oluklu y\u00fczeyi sayesinde \u00fcst\u00fcn tutunma kabiliyeti sa\u011flar.<\/li>\n<li>Y\u00fcksek derecede toparlama \u00f6zelli\u011fine sahiptir.<\/li>\n<li>Vin\u00e7 mekanizmas\u0131n\u0131 korur. Ta\u015f\u0131y\u0131c\u0131 arac\u0131n, dingilin ve tekerle\u011fin \u00f6mr\u00fcn\u00fc uzat\u0131r.<\/li>\n<li>Raylar\u0131n bak\u0131m i\u015flerini azalt\u0131r.<\/li>\n<\/ul>\n<table width=\"555\">\n<tbody>\n<tr>\n<td width=\"185\"><strong>\u00a0A T\u0130P\u0130 V\u0130N\u00c7 RAYI<\/strong><a href=\"http:\/\/tsfmuhendislik.com\/index.php\/2018\/03\/30\/a-serisi-ray-vinc-rayi\/\"><img decoding=\"async\" src=\"http:\/\/tsfmuhendislik.com\/wp-content\/uploads\/2018\/03\/A-SER%C4%B0S%C4%B0-RAYLAR-1.jpg\" \/><\/a><\/td>\n<td width=\"185\">\u00a0<strong>S T\u0130P\u0130 RAY<\/strong><a href=\"http:\/\/tsfmuhendislik.com\/index.php\/2018\/03\/31\/s-serisi-raylar\/\"><img decoding=\"async\" src=\"http:\/\/tsfmuhendislik.com\/wp-content\/uploads\/2018\/03\/S-SER%C4%B0S%C4%B0-RAYLAR-1.jpg\" \/><\/a><\/td>\n<td width=\"185\"><strong>SO\u011eUK \u00c7EKME RAY<\/strong><a href=\"http:\/\/tsfmuhendislik.com\/index.php\/2018\/03\/31\/kare-dikdortgen-ray\/\"><img decoding=\"async\" src=\"http:\/\/tsfmuhendislik.com\/wp-content\/uploads\/2018\/03\/KARE-D%C4%B0KD%C3%96RTGEN-RAYLAR-1.jpg\" \/><\/a><\/td>\n<\/tr>\n<tr>\n<td><strong>\u00a0RAY KRAPOSU<a href=\"http:\/\/tsfmuhendislik.com\/index.php\/2018\/03\/31\/ray-krapolari-krapo\/\"><img decoding=\"async\" src=\"http:\/\/tsfmuhendislik.com\/wp-content\/uploads\/2018\/03\/RAY-KREPOSU-1.jpg\" \/><\/a><\/strong><\/td>\n<td><strong>\u00a0RAY PED\u0130 ( PAD )<a href=\"http:\/\/tsfmuhendislik.com\/index.php\/ray-pedi-pad-ray-ped\/\"><img decoding=\"async\" src=\"http:\/\/tsfmuhendislik.com\/wp-content\/uploads\/2018\/03\/RAY-PED%C4%B0-1.jpg\" \/><\/a><\/strong><\/td>\n<td><strong>\u00a0RAY UYGULAMA<\/strong><a href=\"http:\/\/tsfmuhendislik.com\/index.php\/ray-uygulamalari\/\"><img decoding=\"async\" src=\"http:\/\/tsfmuhendislik.com\/wp-content\/uploads\/2018\/03\/Ray-uygulamalar%C4%B1-1.jpg\" \/><\/a><\/td>\n<\/tr>\n<\/tbody>\n<\/table>\n<p><span style=\"color: #ffffff;\">vin\u00e7, ceraskal, k\u00f6pr\u00fc vin\u00e7. gezer k\u00f6pr\u00fcl\u00fc kreyn, tavan vin\u00e7i, portal vin\u00e7, portofolu portal vin\u00e7, topal vin\u00e7,\u00a0<\/span><\/p>\n<p><a href=\"http:\/\/www.tsfmakina.com\/default.asp?page=content&amp;content_id=25\"><img decoding=\"async\" title=\"ray ve ray aksesuarlar\u0131\" src=\"http:\/\/www.tsfmakina.com\/uploads\/global\/ray%20ve%20aksesuarlar%C4%B1%201.jpg\" alt=\"Vin\u00e7 Ray\u0131 Al\u00fcminotermit Kayna\u011f\u0131, Vin\u00e7 Ray\u0131 Al\u00fcminotermit Kaynak, ray selet sac\u0131, ray demiri, demir ray. rat tadilat, ray revizyon, vin\u00e7 ray\u0131 . vin\u00e7 i\u00e7in ray . trafo ray\u0131 . ray . yeni ray . kullan\u0131lm\u0131\u015f ray . liman vin\u00e7i ray\u0131 . ray d\u00f6\u015feme . ray montaj . ray \u015fekillendirme . ray kod alma . ray onar\u0131m . ray vin\u00e7 uyumu . ray se\u00e7imi . ray hesaplama . ray \u0131s\u0131l genle\u015fme . ray uzamas\u0131 . ray aras\u0131 bo\u015flukne olmal\u0131 . krapo ne s\u0131kl\u0131kta d\u00f6\u015fenmeli . krapo s\u0131kl\u0131k hesab\u0131 . krapo se\u00e7imi. ray a\u015f\u0131nma . ray revizyon . ray ba\u011flant\u0131 . ray kayna\u011f\u0131 . ray elektrot kayna\u011f\u0131 . ray deformasyon, ray \u00e7e\u015fitleri . ray t\u00fcrleri . ray ile ilgili . rayla ilgili . vadeli ray sat\u0131\u015f\u0131 . ray tamponu . ray sonu . ray kraposu ( kreposu ) , ray t\u0131rna\u011f\u0131, ray klipsi, ray tutucu, ray ba\u011flant\u0131 eleman\u0131, ray pedi, ray yast\u0131\u011f\u0131, ray kavu\u00e7u\u011fu, ray lasti\u011fi,  ray d\u00fcbeli .ray saplamas\u0131 . ray selek sac\u0131 . ray i\u00e7in teknik bilgi. kare ray . so\u011fuk \u00e7ekme ray . dikd\u00f6rtgen ray . st52 so\u011fuk \u00e7ekme ray . kedi ray\u0131 . troley ray\u0131 . transfer arabas\u0131 ray\u0131 . domuz arabas\u0131 ray\u0131 . ray . ray demiri, ray profilleri, kare raylar, dolu raylar, konvery\u00f6r sistem raylar\u0131. st52 ray, s\u0131ca\u011fa dayan\u0131kl\u0131 ray, ray genle\u015fmesi, ray bozulmas\u0131, ray a\u015f\u0131nmas\u0131, ray kr\u0131lmas\u0131, ray onar\u0131m\u0131, ray bak\u0131m\u0131, ray graut uygulamas\u0131, ray alt yap\u0131s\u0131, ray betonu, ray ankaraj\u0131, ray profili, ray kesiti, ray \u00f6l\u00e7\u00fcleri, () . di\u011fer ray satan firmalar, yurt d\u0131\u015f\u0131 ray tedarik\u00e7ileri, ray sat\u0131c\u0131lar\u0131. selek  sac\u0131, ray selek sac\u0131, saplama ekme, ray ba\u011flama, ray elektrot kayna\u011f\u0131, ray kayna\u011f\u0131, ray, ray montaj, ray d\u00f6\u015feme, krapo, krepo, vin\u00e7, ex-proof vin\u00e7, exproof vin\u00e7, vin\u00e7 bak\u0131m, ray pedi, s serisi ray, a serisi ray, s10 ray, s14 ray, s20 ray, s30 ray,s49 ray, UIC60 ray, kare ray, ray demiri, sekt\u00f6rdeki di\u011fer firmalar : rzk, rozak, yunus emre baykal, baysallar ray, eke metal, yunusemrebaykal, Arcelormittal\" height=\"139\" \/><\/a><\/p>\n<p><span style=\"color: #ffffff;\">yar\u0131 portal semi portal vin\u00e7, imalat, \u00fcretim, montaj, \u00f6zel vin\u00e7ler, k\u00f6pr\u00fc vin\u00e7 fiyatlar\u0131, 2 el k\u00f6pr\u00fc vin\u00e7, k\u00f6pr\u00fc vin\u00e7 hesab\u0131, portal vin\u00e7 gezer k\u00f6pr\u00fc vin\u00e7 tavan vin\u00e7 k\u00f6pr\u00fc vin\u00e7 kullanma talimat\u0131 k\u00f6pr\u00fc vin\u00e7 ikinci el, vin\u00e7, ceraskal, imalat, imalat\u0131, imalatc\u0131s\u0131, \u00fcreticisi,\u00a0\u00a0ele\u00e7leme vin\u00e7i, forklif vin\u00e7, elektrikli vin\u00e7,\u00a0vin\u00e7 imalat\u0131, tek kiri\u015f vin\u00e7, \u00e7ift kiri\u015f vin\u00e7, eloksal vin\u00e7i,\u00a0vin\u00e7 bak\u0131m, vin\u00e7 montaj, vin\u00e7 ta\u015f\u0131ma, vin\u00e7 montaj, vin\u00e7 devreye alma, vin\u00e7 demontaj,\u00a0vin\u00e7 proje, vin\u00e7 bak\u0131m, vin\u00e7 fenni muayene, vin\u00e7 testi,\u00a0vin\u00e7 kontrol,\u00a0exproof vin\u00e7, \u00f6zel ama\u00e7 vin\u00e7i, dar alana s\u0131\u011facak vin\u00e7, vin\u00e7 maksimum kanca mesafesi, vin\u00e7 minimum kanca mesafesi, minimum kanca mesafesi. vin\u00e7 modernizasyonu, vin\u00e7 modifikasyonu, vin\u00e7 yenilenme, vin\u00e7 aks de\u011fi\u015fimi, vin\u00e7 tadilat, vin\u00e7 revizyonu, vin\u00e7 k\u00f6pr\u00fcs\u00fc uzatma,vin\u00e7 k\u00f6pr\u00fcs\u00fc k\u0131saltma, vin\u00e7 k\u00f6pr\u00fcs\u00fc, kiri\u015fi de\u011fi\u015ftirme, vin\u00e7 ba\u015fl\u0131k tak\u0131m\u0131 yenileme, vin\u00e7 bak\u0131m, vin\u00e7 kontrol,\u00a0vin\u00e7 k\u00f6pr\u00fcs\u00fc, portal vin\u00e7, pergel vin\u00e7, jip crane, crane , sarj vin\u00e7i, pota vin\u00e7i, hurda vin\u00e7i, vin\u00e7 modernizasyon, vin\u00e7 boyutu de\u011fi\u015ftirme, vin\u00e7 tekerle\u011fi, vin\u00e7 tanburu,vin\u00e7 tekerle\u011fi, vin\u00e7 tamburu, vin\u00e7 kancas\u0131,. vin\u00e7 k\u00f6pr\u00fcz kesim, s kesim, yeniden \u00e7at\u0131m, kaviye sehim giderme, sehim alma, kapasite art\u0131rma, tonaj y\u00fckseltme, g\u00fc\u00e7 artt\u0131rma, vin\u00e7 b\u00fcy\u00fcte, h\u0131z d\u00fc\u015f\u00fcrme, h\u0131z art\u0131\u015f i\u015flemi, kabin ilavesi. elektik odas\u0131, klima , adaptasyon, ekleme, ilave etme.<\/span><\/p>\n<h6><span style=\"color: #ffffff;\">vin\u00e7 ray\u0131 . vin\u00e7 i\u00e7in ray . trafo ray\u0131 . ray . yeni ray . kullan\u0131lm\u0131\u015f ray . liman vin\u00e7i ray\u0131 . ray d\u00f6\u015feme . ray montaj . ray \u015fekillendirme . ray kod alma . ray onar\u0131n . ray vin\u00e7 uyumu . ray se\u00e7imi . ray hesaplama . ray \u0131s\u0131l genle\u015fme . ray uzamas\u0131 .ray aras\u0131 bo\u015fluk ne olmal\u0131 . krapo ne s\u0131kl\u0131kta d\u00f6\u015fenmeli . krapo s\u0131kl\u0131k hesab\u0131 . krapo se\u00e7imi. ray a\u015f\u0131nma . ray revizyon . rayba\u011flant\u0131 . ray kayna\u011f\u0131 . ray elektrot kayna\u011f\u0131 . ray defermasyon . ray \u00e7e\u015fitleri . ray t\u00fcrleri . ray ile ilgili . rayla ilgili . vadeli ray sat\u0131\u015f\u0131 . ray tamponu . ray sonu .ray d\u00fcbeli .ray saplamas\u0131 . ray selek sac\u0131 . ray i\u00e7in teknik bilgi. kare ray . so\u011fuk \u00e7ekme ray . dikd\u00f6rtgen ray . st52 so\u011fuk \u00e7ekme ray . kedi ray\u0131 . troley ray\u0131 . transfer arabas\u0131 ray\u0131 . domuz arabas\u0131 ray\u0131 . ray . ray tipi ray \u00e7e\u015fidi ray t\u00fcr\u00fc<\/span><\/h6>\n<h6><span style=\"color: #ffffff;\">M\u00fchendislik Hizmetlerimiz &#8211; Hizmetleri : vin\u00e7, k\u00f6pr\u00fc vin\u00e7. geger k\u00f6pr\u00fcl\u00fc kreyn, tavan vin\u00e7i, \u00f6zel vin\u00e7ler, ele\u00e7leme vin\u00e7i, forklif vin\u00e7, elektrikli vin\u00e7, fabrika i\u00e7i ray, ray d\u00f6\u015feme, liman vin\u00e7 ray\u0131, ray demiri, vin\u00e7 sorunlar\u0131, problemleri \u00e7\u00f6z\u00fcm, ray problemleri, vin\u00e7 projelendirme, kendi imalat\u0131n\u0131za dan\u0131\u015fmanl\u0131k, destek, uygulama sorumlulu\u011fu, ad\u0131n\u0131za, ad\u0131m\u0131za teklif haz\u0131rlama, teklif haz\u0131rlama deste\u011fi, vin\u00e7 ihalesi teklif haz\u0131rlama deste\u011fi, teklif kapsam\u0131nda vin\u00e7, ray kalemlerine teklif destek hizmeti, dan\u0131\u015fmanl\u0131k, ray, selek &#8211; selet sac\u0131, krapo, krepo, ray pedi, ray kayna\u011f\u0131, ray elektrot kayna\u011f\u0131, ray d\u00f6\u015feme, vin\u00e7 devreye alma, vin\u00e7 kapesite art\u0131r\u0131m\u0131, dilimleme makinas\u0131, y\u00fck asans\u00f6r\u00fc, transfer arabas\u0131, radyasyon\u00a0kap\u0131s\u0131, hol ge\u00e7i\u015f sistemi, koval\u0131 raylar\u0131, teklif haz\u0131rlama hizmeti, S\u0131k kar\u015f\u0131la\u015f\u0131lan ve \u00e7\u00f6zd\u00fc\u011f\u00fcm\u00fcz problemler &#8211; Sorunlar ; Makina titre\u015fimi, g\u00fcr\u00fclt\u00fcl\u00fc \u00e7al\u0131\u015fma, mil kesme, s\u0131k motor yakma, motor kavrumas\u0131, fren balatalar\u0131n\u0131n \u00e7abuk a\u015f\u0131nmas\u0131, vin\u00e7 k\u00f6pr\u00fcs\u00fcn\u00fcn a\u015f\u0131r\u0131 esnemesi, halatlar\u0131n erken a\u015f\u0131nmas\u0131, vin\u00e7 y\u00fcr\u00fcy\u00fc\u015f\u00fc zorlanma, motor g\u00fcc\u00fcn\u00fcn yetmemesi, hidrolik sistem sorunlar\u0131, Ray k\u0131r\u0131lmas\u0131, ray a\u015f\u0131nmas\u0131, vin\u00e7 \u00e7al\u0131\u015f\u0131rken bina sallanmas\u0131, titremesi, vin\u00e7 raydan \u00e7\u0131kmas\u0131, vin\u00e7 ve makina rulman k\u0131r\u0131lmas\u0131, rulman dayanmamas\u0131, di\u015fli \u00e7ark k\u0131r\u0131lmas\u0131, di\u015f s\u0131y\u0131rmas\u0131, c\u0131vata kesmesi civata, dayanmamas\u0131, raylar\u0131n korozyana u\u011framas\u0131, a\u015f\u0131r\u0131 paslanma, oynak, hareketli, narin binalarda vin\u00e7lerin kas\u0131nt\u0131s\u0131z, sorunsuz \u00e7al\u0131\u015fmas\u0131n\u0131n sa\u011flanmas\u0131, vin\u00e7lerin d\u0131\u015f ortamdan etkilenmesi.\u00a0PER\u0130YOD\u0130K MUAYENE ( KONTROL ) VE SORUNLARIN G\u0130DER\u0130LMES\u0130.\u00a0Vin\u00e7lerinizin ve di\u011fer kald\u0131rma ve iletme ekipmanlar\u0131n\u0131z\u0131n periyodik kontrolleri yap\u0131laktad\u0131r. Bulunan sorunlar taraf\u0131n\u0131za iletilerek; Gidermeniz yada taraf\u0131m\u0131zca giderilerek sistem sak\u0131ncalar\u0131 ortadan kald\u0131r\u0131lmaktad\u0131r.\u00a0Y\u00dcK &#8211; FONKS\u0130YON TEST\u0130 YAPILMASI VE FENN\u0130 MUAYENE RAPORU VER\u0130LMES\u0130.\u00a0Vin\u00e7iniz y\u00fck ve fonksiyon testi\u00a0uygulanarak s\u0131nan\u0131r. Ya\u015fanan sorunlar var ise gerekli m\u00fcdahale ile giderilir ve vin\u00e7 testi tekrarlanarak i\u015flem bitirilir. V\u0130N\u00c7 KULLANICILARINA E\u011e\u0130T\u0130M VERMEK VE E\u011e\u0130T\u0130M\u0130 BELGELEND\u0130RMEK.\u00a0fizibilite, \u00e7al\u0131\u015fmalar\u0131, raporu, \u00e7al\u0131\u015fmas\u0131, kredi i\u00e7in, haz\u0131rlanmas\u0131,\u00a0makina gereklilik ara\u015ft\u0131rmas\u0131,\u00a0yat\u0131r\u0131m gereklilik ara\u015ft\u0131rmas\u0131, fason yada kendi imkanlar\u0131nla \u00fcretme karl\u0131l\u0131k ar\u015ft\u0131rmas\u0131, donan\u0131m , yeni bina, yeni at\u00f6lye, fabrika, hol gereklili\u011fi ara\u015ft\u0131rmas\u0131. vs. FABR\u0130KA ORGAN\u0130ZASYONU,\u00a0PROSES AKI\u015e \u015eEMASI,\u00a0KAPAS\u0130TE RAPORU HAZIRLANMASI,\u00a0\u0130\u015eLETMEN\u0130ZE \u00d6ZEL ORGAN\u0130ZASYON YAZILIMLARI,\u00a0N\u00f6bet, vardiya, sorumluluk de\u011fi\u015fim programlar\u0131,\u00a0YURT, SINIF, DERS, \u00d6\u011eRENC\u0130, SALON YERLE\u015eT\u0130RME YAZILIMLARI,\u00a0DE\u011eERLEND\u0130RME ve\u00a0ANAL\u0130Z \u00a0YAZILIMLARI. \u00dcR\u00dcN A\u011eACI OLU\u015eTURMA,\u00a0MAL\u0130YET ANAL\u0130Z\u0130 PROGRAMLARI,\u00a0\u0130\u015eLETMEN\u0130ZE \u00d6ZEL TEKN\u0130K HESAP MAK\u0130NASI,\u00a0MAK\u0130NA \u0130MALATI \u0130\u00c7\u0130N TEKL\u0130F HAZIRLAMA PROGRAMI,\u00a0\u0130\u015eLETMELER \u0130\u00c7\u0130N TEKL\u0130F HAZIRLAMA PROGRAMI.vin\u00e7, boru makinas\u0131, kesme makinas\u0131, pres, giyotin, \u00f6rme makinas\u0131, , ah\u015fap do\u011frama, pencere, cam, pompa, kompras\u00f6r, benzinlik, benzin istasyonu dekarasyon, imalat,fabrikas\u0131, at\u00f6lyesi i\u00e7in Teklif, teklif haz\u0131rlama, offer, haz\u0131lama program\u0131, teklif program\u0131, teklif yaz\u0131l\u0131m\u0131, teklifci<\/span>.<\/h6>\n","protected":false},"excerpt":{"rendered":"<p>Ray Pedi a\u011f\u0131r vin\u00e7 yollar\u0131nda, raylar ve destekleyici \u00a0yap\u0131 aras\u0131nda kullan\u0131lan,\u00a0sentetik elastomerden \u00a0\u00fcretilen \u00a0bir \u00a0mamuld\u00fcr. \u00a0Ray \u00a0taban \u00a0 ebatlar\u0131na \u00a0g\u00f6re \u00a0belirlenmi\u015f \u00a0\u00e7e\u015fitli \u00a0geni\u015fliklerde \u00a0ve \u00a0standart \u00a0olarak \u00a012 m. boyunda \u00fcretilir.\u00a0 F\u0130Z\u0130KSEL \u00d6ZELL\u0130KLER \u00a0 Shore \u00a0 75 \u00b15 \u00a0 Azami \u00c7ekme Dayan\u0131m\u0131 \u00a0 12,5 N \/ mm2 \u00a0 Uzama \u00a0 %220 \u00a0 \u00c7al\u0131\u015fma S\u0131cakl\u0131\u011f\u0131 \u00a0 -30 [&hellip;]<\/p>\n","protected":false},"author":1,"featured_media":0,"parent":0,"menu_order":0,"comment_status":"closed","ping_status":"closed","template":"","meta":{"footnotes":""},"_links":{"self":[{"href":"http:\/\/tsfmuhendislik.com\/index.php\/wp-json\/wp\/v2\/pages\/689"}],"collection":[{"href":"http:\/\/tsfmuhendislik.com\/index.php\/wp-json\/wp\/v2\/pages"}],"about":[{"href":"http:\/\/tsfmuhendislik.com\/index.php\/wp-json\/wp\/v2\/types\/page"}],"author":[{"embeddable":true,"href":"http:\/\/tsfmuhendislik.com\/index.php\/wp-json\/wp\/v2\/users\/1"}],"replies":[{"embeddable":true,"href":"http:\/\/tsfmuhendislik.com\/index.php\/wp-json\/wp\/v2\/comments?post=689"}],"version-history":[{"count":7,"href":"http:\/\/tsfmuhendislik.com\/index.php\/wp-json\/wp\/v2\/pages\/689\/revisions"}],"predecessor-version":[{"id":1599,"href":"http:\/\/tsfmuhendislik.com\/index.php\/wp-json\/wp\/v2\/pages\/689\/revisions\/1599"}],"wp:attachment":[{"href":"http:\/\/tsfmuhendislik.com\/index.php\/wp-json\/wp\/v2\/media?parent=689"}],"curies":[{"name":"wp","href":"https:\/\/api.w.org\/{rel}","templated":true}]}}