{"id":1474,"date":"2019-01-13T02:14:38","date_gmt":"2019-01-12T23:14:38","guid":{"rendered":"http:\/\/tsfmuhendislik.com\/?page_id=1474"},"modified":"2019-01-13T03:21:18","modified_gmt":"2019-01-13T00:21:18","slug":"turkiye-pazarinda-bulunabilen-raylar","status":"publish","type":"page","link":"http:\/\/tsfmuhendislik.com\/index.php\/turkiye-pazarinda-bulunabilen-raylar\/","title":{"rendered":"T\u00dcRK\u0130YE PAZARINDA BULUNAB\u0130LEN RAYLAR"},"content":{"rendered":"<p><strong><span style=\"color: #ff0000;\">Hangi ray T\u00fcrkiye&#8217;de \u00fcretiliyor?<\/span><\/strong><br \/>\nHafif raylar S10, S14, S20,<br \/>\nTren raylar\u0131 S49, UIC54, UIC60<br \/>\nVin\u00e7 raylar\u0131 A65, A75, A100, A120, A150<\/p>\n<p><strong><span style=\"color: #ff0000;\">Bulunabilen \u0130thal raylar hangileri?<\/span><\/strong><br \/>\nHafif raylar S10, S14<br \/>\nVin\u00e7 raylar\u0131 A45, A55, A65, A75, A100, A120, A150<\/p>\n<p><img decoding=\"async\" loading=\"lazy\" class=\"alignnone size-full wp-image-788\" src=\"http:\/\/tsfmuhendislik.com\/wp-content\/uploads\/2018\/04\/A-tipi-ray-\u00f6l\u00e7\u00fc.jpg\" alt=\"\" width=\"539\" height=\"147\" srcset=\"http:\/\/tsfmuhendislik.com\/wp-content\/uploads\/2018\/04\/A-tipi-ray-\u00f6l\u00e7\u00fc.jpg 539w, http:\/\/tsfmuhendislik.com\/wp-content\/uploads\/2018\/04\/A-tipi-ray-\u00f6l\u00e7\u00fc-300x82.jpg 300w\" sizes=\"(max-width: 539px) 100vw, 539px\" \/><\/p>\n<p>Daha Fazla Bilgi \u0130\u00e7in ;\u00a0<a href=\"http:\/\/www.tsfmakina.com\/default.asp?page=content&amp;content_id=103\"><strong><span style=\"color: #0000ff;\">RAY BULUNAB\u0130L\u0130RL\u0130K<\/span><\/strong><\/a> Sayfam\u0131z\u0131 ziyaret edebilirsiniz.<\/p>\n<p>T\u00dcRK\u0130YE&#8217;DE RAY \u00dcRET\u0130M\u0130 ;<\/p>\n<p>&nbsp;<\/p>\n","protected":false},"excerpt":{"rendered":"<p>Hangi ray T\u00fcrkiye&#8217;de \u00fcretiliyor? Hafif raylar S10, S14, S20, Tren raylar\u0131 S49, UIC54, UIC60 Vin\u00e7 raylar\u0131 A65, A75, A100, A120, A150 Bulunabilen \u0130thal raylar hangileri? Hafif raylar S10, S14 Vin\u00e7 raylar\u0131 A45, A55, A65, A75, A100, A120, A150 Daha Fazla Bilgi \u0130\u00e7in ;\u00a0RAY BULUNAB\u0130L\u0130RL\u0130K Sayfam\u0131z\u0131 ziyaret edebilirsiniz. T\u00dcRK\u0130YE&#8217;DE RAY \u00dcRET\u0130M\u0130 ; &nbsp;<\/p>\n","protected":false},"author":1,"featured_media":0,"parent":0,"menu_order":0,"comment_status":"closed","ping_status":"closed","template":"","meta":{"footnotes":""},"_links":{"self":[{"href":"http:\/\/tsfmuhendislik.com\/index.php\/wp-json\/wp\/v2\/pages\/1474"}],"collection":[{"href":"http:\/\/tsfmuhendislik.com\/index.php\/wp-json\/wp\/v2\/pages"}],"about":[{"href":"http:\/\/tsfmuhendislik.com\/index.php\/wp-json\/wp\/v2\/types\/page"}],"author":[{"embeddable":true,"href":"http:\/\/tsfmuhendislik.com\/index.php\/wp-json\/wp\/v2\/users\/1"}],"replies":[{"embeddable":true,"href":"http:\/\/tsfmuhendislik.com\/index.php\/wp-json\/wp\/v2\/comments?post=1474"}],"version-history":[{"count":4,"href":"http:\/\/tsfmuhendislik.com\/index.php\/wp-json\/wp\/v2\/pages\/1474\/revisions"}],"predecessor-version":[{"id":1480,"href":"http:\/\/tsfmuhendislik.com\/index.php\/wp-json\/wp\/v2\/pages\/1474\/revisions\/1480"}],"wp:attachment":[{"href":"http:\/\/tsfmuhendislik.com\/index.php\/wp-json\/wp\/v2\/media?parent=1474"}],"curies":[{"name":"wp","href":"https:\/\/api.w.org\/{rel}","templated":true}]}}