{"id":1366,"date":"2018-05-09T13:24:27","date_gmt":"2018-05-09T10:24:27","guid":{"rendered":"http:\/\/tsfmuhendislik.com\/?page_id=1366"},"modified":"2018-05-09T13:24:27","modified_gmt":"2018-05-09T10:24:27","slug":"transfer-arabasi","status":"publish","type":"page","link":"http:\/\/tsfmuhendislik.com\/index.php\/transfer-arabasi\/","title":{"rendered":"TRANSFER ARABASI"},"content":{"rendered":"<div class=\"entry-content\">\n<p><strong>TRANSFER ARABALARI HAREKET \u2013 TAHR\u0130K\u00a0<\/strong>( Y\u00dcR\u00dcY\u00dc\u015e ) \u00c7E\u015e\u0130TLER\u0130, \u015eEK\u0130LLER\u0130, T\u0130PLER\u0130<\/p>\n<p>Irgat ile \u00e7ekilen transfer arabalar\u0131,<\/p>\n<p>Bara beslemeli transfer arabalar\u0131,<\/p>\n<p>Ak\u00fcl\u00fc transfer arabalar\u0131.<\/p>\n<p>Kablo tamburlu transfer arabalar\u0131,<\/p>\n<p>Hafif y\u00fckler i\u00e7in man\u00fcel tranfer arabalar\u0131.<\/p>\n<p><img decoding=\"async\" loading=\"lazy\" class=\"alignnone wp-image-1351 size-full\" src=\"http:\/\/tsfmuhendislik.com\/wp-content\/uploads\/2018\/05\/transfer-arabas%C4%B1-000.jpg\" sizes=\"(max-width: 768px) 100vw, 768px\" srcset=\"http:\/\/tsfmuhendislik.com\/wp-content\/uploads\/2018\/05\/transfer-arabas\u0131-000.jpg 768w, http:\/\/tsfmuhendislik.com\/wp-content\/uploads\/2018\/05\/transfer-arabas\u0131-000-300x124.jpg 300w\" alt=\"\" width=\"768\" height=\"318\" \/><br \/>\nD\u00f6kme Y\u00fck Transfer Arabas\u0131<\/p>\n<p>&nbsp;<\/p>\n<p><img decoding=\"async\" loading=\"lazy\" class=\"alignnone wp-image-1350 size-full\" src=\"http:\/\/tsfmuhendislik.com\/wp-content\/uploads\/2018\/05\/tranfer-arabas%C4%B1-20.jpg\" sizes=\"(max-width: 960px) 100vw, 960px\" srcset=\"http:\/\/tsfmuhendislik.com\/wp-content\/uploads\/2018\/05\/tranfer-arabas\u0131-20.jpg 960w, http:\/\/tsfmuhendislik.com\/wp-content\/uploads\/2018\/05\/tranfer-arabas\u0131-20-300x169.jpg 300w, http:\/\/tsfmuhendislik.com\/wp-content\/uploads\/2018\/05\/tranfer-arabas\u0131-20-768x432.jpg 768w\" alt=\"\" width=\"960\" height=\"540\" \/><br \/>\n( STAHL Y\u00fcr\u00fcme grup ve panolu transfer arabas\u0131 )<\/p>\n<p><img decoding=\"async\" loading=\"lazy\" class=\"alignnone wp-image-1354 size-full\" src=\"http:\/\/tsfmuhendislik.com\/wp-content\/uploads\/2018\/05\/VAGON-TRANSFER-ARABASI.jpg\" sizes=\"(max-width: 883px) 100vw, 883px\" srcset=\"http:\/\/tsfmuhendislik.com\/wp-content\/uploads\/2018\/05\/VAGON-TRANSFER-ARABASI.jpg 883w, http:\/\/tsfmuhendislik.com\/wp-content\/uploads\/2018\/05\/VAGON-TRANSFER-ARABASI-300x110.jpg 300w, http:\/\/tsfmuhendislik.com\/wp-content\/uploads\/2018\/05\/VAGON-TRANSFER-ARABASI-768x283.jpg 768w\" alt=\"\" width=\"883\" height=\"325\" \/><br \/>\n( Vagon Transfer Arabas\u0131 )<\/p>\n<p>&nbsp;<\/p>\n<p>&nbsp;<\/p>\n<table border=\"0\" width=\"559\" cellspacing=\"0\" cellpadding=\"0\">\n<colgroup>\n<col width=\"559\" \/><\/colgroup>\n<tbody>\n<tr>\n<td class=\"xl69\" width=\"559\" height=\"20\"><strong>TRANSFER ARABASI OTOMASYON FONKS\u0130YONLARI<\/strong><\/td>\n<\/tr>\n<tr>\n<td class=\"xl68\" height=\"20\">1 \u2013 \u0130ki durak asans\u00f6r mant\u0131\u011f\u0131 ile hareket. ( \u00c7a\u011f\u0131rma, g\u00f6nderme, bekletme )<\/td>\n<\/tr>\n<tr>\n<td class=\"xl68\" height=\"20\">2 \u2013 Araba \u00f6n hareket sahas\u0131 engel alg\u0131lama sens\u00f6r\u00fc ve buna ba\u011fl\u0131 otamatik duru\u015f.<\/td>\n<\/tr>\n<tr>\n<td class=\"xl68\" height=\"20\">3 \u2013 Emliyet olarak mekanik engel tamponlar\u0131 ve acil\u00a0 duru\u015f sivi\u00e7leri.<\/td>\n<\/tr>\n<tr>\n<td class=\"xl68\" height=\"20\">4 \u2013 Araba \u00fcst\u00fc acil stop mantar butonlar. ( 4 k\u00f6\u015fede )<\/td>\n<\/tr>\n<tr>\n<td class=\"xl68\" height=\"20\">5 \u2013 Araba \u00fcst\u00fc butonlu kontrol pentand\u0131 ( Otamatik \u00e7al\u0131\u015fmay\u0131 devre d\u0131\u015f\u0131 k\u0131lar )<\/td>\n<\/tr>\n<tr>\n<td class=\"xl68\" height=\"20\">6 \u2013 Duraklardan birinde otamatik sarj alma f\u0131r\u00e7alar\u0131.<\/td>\n<\/tr>\n<tr>\n<td class=\"xl68\" height=\"20\">7 \u2013 Hareket ikaz \u00e7\u0131nlamas\u0131, d\u00f6ner i\u015fik .<\/td>\n<\/tr>\n<tr>\n<td class=\"xl68\" height=\"20\">8 \u2013 \u0130stenirse kantar sistemi ve etiket \u00e7\u0131kartma \u00f6zelli\u011fi ilave edilebilir. ( Araba \u00fcst\u00fc )<\/p>\n<p><img decoding=\"async\" loading=\"lazy\" class=\"alignnone wp-image-1349 size-full\" src=\"http:\/\/tsfmuhendislik.com\/wp-content\/uploads\/2018\/05\/RULO-Y%C3%9CKLEME-FOKS%C4%B0YONU.jpg\" sizes=\"(max-width: 755px) 100vw, 755px\" srcset=\"http:\/\/tsfmuhendislik.com\/wp-content\/uploads\/2018\/05\/RULO-Y\u00dcKLEME-FOKS\u0130YONU.jpg 755w, http:\/\/tsfmuhendislik.com\/wp-content\/uploads\/2018\/05\/RULO-Y\u00dcKLEME-FOKS\u0130YONU-300x184.jpg 300w\" alt=\"\" width=\"755\" height=\"464\" \/><br \/>\n( Transfer Arabas\u0131 RULO Y\u00dcKLEME )<\/p>\n<p>&nbsp;<\/p>\n<p><img decoding=\"async\" loading=\"lazy\" class=\"alignnone wp-image-1352 size-full\" src=\"http:\/\/tsfmuhendislik.com\/wp-content\/uploads\/2018\/05\/Transfer-arabas%C4%B1-BUG%C4%B0L%C4%B0.jpg\" sizes=\"(max-width: 1054px) 100vw, 1054px\" srcset=\"http:\/\/tsfmuhendislik.com\/wp-content\/uploads\/2018\/05\/Transfer-arabas\u0131-BUG\u0130L\u0130.jpg 1054w, http:\/\/tsfmuhendislik.com\/wp-content\/uploads\/2018\/05\/Transfer-arabas\u0131-BUG\u0130L\u0130-300x115.jpg 300w, http:\/\/tsfmuhendislik.com\/wp-content\/uploads\/2018\/05\/Transfer-arabas\u0131-BUG\u0130L\u0130-768x294.jpg 768w, http:\/\/tsfmuhendislik.com\/wp-content\/uploads\/2018\/05\/Transfer-arabas\u0131-BUG\u0130L\u0130-1024x393.jpg 1024w\" alt=\"\" width=\"1054\" height=\"404\" \/><br \/>\n( A\u011f\u0131r tonajlar i\u00e7in BUG\u0130 sistemi ile transfer arabas\u0131 )<\/p>\n<p><img decoding=\"async\" loading=\"lazy\" class=\"alignnone wp-image-1355 size-full\" src=\"http:\/\/tsfmuhendislik.com\/wp-content\/uploads\/2018\/05\/YERLE%C5%9E%C4%B0M-PROJELEND%C4%B0RME.jpg\" sizes=\"(max-width: 721px) 100vw, 721px\" srcset=\"http:\/\/tsfmuhendislik.com\/wp-content\/uploads\/2018\/05\/YERLE\u015e\u0130M-PROJELEND\u0130RME.jpg 721w, http:\/\/tsfmuhendislik.com\/wp-content\/uploads\/2018\/05\/YERLE\u015e\u0130M-PROJELEND\u0130RME-300x188.jpg 300w\" alt=\"\" width=\"721\" height=\"451\" \/><br \/>\n( Transfer arabas\u0131 yerle\u015fim planlama )<\/td>\n<\/tr>\n<\/tbody>\n<\/table>\n<p>&nbsp;<\/p>\n<\/div>\n","protected":false},"excerpt":{"rendered":"<p>TRANSFER ARABALARI HAREKET \u2013 TAHR\u0130K\u00a0( Y\u00dcR\u00dcY\u00dc\u015e ) \u00c7E\u015e\u0130TLER\u0130, \u015eEK\u0130LLER\u0130, T\u0130PLER\u0130 Irgat ile \u00e7ekilen transfer arabalar\u0131, Bara beslemeli transfer arabalar\u0131, Ak\u00fcl\u00fc transfer arabalar\u0131. Kablo tamburlu transfer arabalar\u0131, Hafif y\u00fckler i\u00e7in man\u00fcel tranfer arabalar\u0131. D\u00f6kme Y\u00fck Transfer Arabas\u0131 &nbsp; ( STAHL Y\u00fcr\u00fcme grup ve panolu transfer arabas\u0131 ) ( Vagon Transfer Arabas\u0131 ) &nbsp; &nbsp; TRANSFER ARABASI [&hellip;]<\/p>\n","protected":false},"author":1,"featured_media":0,"parent":0,"menu_order":0,"comment_status":"closed","ping_status":"closed","template":"","meta":{"footnotes":""},"_links":{"self":[{"href":"http:\/\/tsfmuhendislik.com\/index.php\/wp-json\/wp\/v2\/pages\/1366"}],"collection":[{"href":"http:\/\/tsfmuhendislik.com\/index.php\/wp-json\/wp\/v2\/pages"}],"about":[{"href":"http:\/\/tsfmuhendislik.com\/index.php\/wp-json\/wp\/v2\/types\/page"}],"author":[{"embeddable":true,"href":"http:\/\/tsfmuhendislik.com\/index.php\/wp-json\/wp\/v2\/users\/1"}],"replies":[{"embeddable":true,"href":"http:\/\/tsfmuhendislik.com\/index.php\/wp-json\/wp\/v2\/comments?post=1366"}],"version-history":[{"count":1,"href":"http:\/\/tsfmuhendislik.com\/index.php\/wp-json\/wp\/v2\/pages\/1366\/revisions"}],"predecessor-version":[{"id":1368,"href":"http:\/\/tsfmuhendislik.com\/index.php\/wp-json\/wp\/v2\/pages\/1366\/revisions\/1368"}],"wp:attachment":[{"href":"http:\/\/tsfmuhendislik.com\/index.php\/wp-json\/wp\/v2\/media?parent=1366"}],"curies":[{"name":"wp","href":"https:\/\/api.w.org\/{rel}","templated":true}]}}