{"id":1362,"date":"2018-05-09T13:17:24","date_gmt":"2018-05-09T10:17:24","guid":{"rendered":"http:\/\/tsfmuhendislik.com\/?page_id=1362"},"modified":"2018-05-09T13:17:24","modified_gmt":"2018-05-09T10:17:24","slug":"eloksal-vinci","status":"publish","type":"page","link":"http:\/\/tsfmuhendislik.com\/index.php\/eloksal-vinci\/","title":{"rendered":"ELOKSAL V\u0130N\u00c7\u0130"},"content":{"rendered":"<p>Aluminyum Eloksallama Tesisleri i\u00e7in \u00f6zel \u00fcretilmi\u015f vin\u00e7ler bu adla an\u0131l\u0131r. Kanca gruplar\u0131 yerine forklif d\u00fczene\u011fi benzeri iki gaga ile y\u00fck sallanmadan hareket eder. Eloksal vin\u00e7i rijit bir yap\u0131da olu\u015fturulur, tesisteki di\u011fer aktarma ve ta\u015f\u0131ma sistemleri ile entegre \u00e7al\u0131\u015fmas\u0131 sa\u011flan\u0131r.<\/p>\n<p>Eloksal vin\u00e7i kald\u0131rma ( vira ) ve indirme ( Mayna ) i\u015flemleri zincirli bir d\u00fczenek ile yap\u0131lmakta ve sistemin korozif dayan\u0131m\u0131 \u00f6n planda tutulmaktad\u0131r.<\/p>\n<p><strong>\u00a0 Eloksal vin\u00e7lerinden beklenen temel \u00f6zellikler :<\/strong><\/p>\n<p>Eloksal vin\u00e7i korozif diren\u00e7li olmal\u0131. \u2013 korozyona kar\u015f\u0131 dayan\u0131m,<\/p>\n<p>Eloksal vin\u00e7inde sorunsuz mekanizma. \u00a0( Sade ve kolay m\u00fcdahale edilebilir mekanizma )<\/p>\n<p>Dengeli \u00e7al\u0131\u015fma, ( Eloksal vin\u00e7i kas\u0131nt\u0131s\u0131z ve s\u00fcrekli paralel \u00e7al\u0131\u015fmas\u0131 gereken bir vin\u00e7tir.)<\/p>\n<p>Minimum sal\u0131n\u0131m, ( Ta\u015f\u0131nan ask\u0131 sal\u0131n\u0131m\u0131 minimum olmal\u0131d\u0131r.)<\/p>\n<p>Man\u00fcel, yar\u0131 otamatik yada otamatik \u00e7al\u0131\u015fabilme, ( \u0130\u015f\u00e7i hatalar\u0131n\u0131 minimize etmek.)<\/p>\n<p><img decoding=\"async\" loading=\"lazy\" class=\"wp-image-1342 size-full alignnone\" src=\"http:\/\/tsfmuhendislik.com\/wp-content\/uploads\/2018\/05\/ELOKSAL-V%C4%B0N%C3%87%C4%B0-101.jpg\" sizes=\"(max-width: 514px) 100vw, 514px\" srcset=\"http:\/\/tsfmuhendislik.com\/wp-content\/uploads\/2018\/05\/ELOKSAL-V\u0130N\u00c7\u0130-101.jpg 514w, http:\/\/tsfmuhendislik.com\/wp-content\/uploads\/2018\/05\/ELOKSAL-V\u0130N\u00c7\u0130-101-300x155.jpg 300w\" alt=\"\" width=\"514\" height=\"265\" \/><\/p>\n<p>Eloksal vin\u00e7leri i\u00e7in ;<\/p>\n<p>\u0130\u015fletmenize \u00f6zel tasar\u0131m<\/p>\n<p>Servis ve yedek par\u00e7a deste\u011fi.<\/p>\n<p><img decoding=\"async\" loading=\"lazy\" class=\"alignnone wp-image-1343 size-full\" src=\"http:\/\/tsfmuhendislik.com\/wp-content\/uploads\/2018\/05\/ELOKSAL-V%C4%B0N%C3%87%C4%B0-102.jpg\" sizes=\"(max-width: 544px) 100vw, 544px\" srcset=\"http:\/\/tsfmuhendislik.com\/wp-content\/uploads\/2018\/05\/ELOKSAL-V\u0130N\u00c7\u0130-102.jpg 544w, http:\/\/tsfmuhendislik.com\/wp-content\/uploads\/2018\/05\/ELOKSAL-V\u0130N\u00c7\u0130-102-300x235.jpg 300w\" alt=\"\" width=\"544\" height=\"426\" \/><\/p>\n","protected":false},"excerpt":{"rendered":"<p>Aluminyum Eloksallama Tesisleri i\u00e7in \u00f6zel \u00fcretilmi\u015f vin\u00e7ler bu adla an\u0131l\u0131r. Kanca gruplar\u0131 yerine forklif d\u00fczene\u011fi benzeri iki gaga ile y\u00fck sallanmadan hareket eder. Eloksal vin\u00e7i rijit bir yap\u0131da olu\u015fturulur, tesisteki di\u011fer aktarma ve ta\u015f\u0131ma sistemleri ile entegre \u00e7al\u0131\u015fmas\u0131 sa\u011flan\u0131r. Eloksal vin\u00e7i kald\u0131rma ( vira ) ve indirme ( Mayna ) i\u015flemleri zincirli bir d\u00fczenek ile [&hellip;]<\/p>\n","protected":false},"author":1,"featured_media":0,"parent":0,"menu_order":0,"comment_status":"closed","ping_status":"closed","template":"","meta":{"footnotes":""},"_links":{"self":[{"href":"http:\/\/tsfmuhendislik.com\/index.php\/wp-json\/wp\/v2\/pages\/1362"}],"collection":[{"href":"http:\/\/tsfmuhendislik.com\/index.php\/wp-json\/wp\/v2\/pages"}],"about":[{"href":"http:\/\/tsfmuhendislik.com\/index.php\/wp-json\/wp\/v2\/types\/page"}],"author":[{"embeddable":true,"href":"http:\/\/tsfmuhendislik.com\/index.php\/wp-json\/wp\/v2\/users\/1"}],"replies":[{"embeddable":true,"href":"http:\/\/tsfmuhendislik.com\/index.php\/wp-json\/wp\/v2\/comments?post=1362"}],"version-history":[{"count":1,"href":"http:\/\/tsfmuhendislik.com\/index.php\/wp-json\/wp\/v2\/pages\/1362\/revisions"}],"predecessor-version":[{"id":1363,"href":"http:\/\/tsfmuhendislik.com\/index.php\/wp-json\/wp\/v2\/pages\/1362\/revisions\/1363"}],"wp:attachment":[{"href":"http:\/\/tsfmuhendislik.com\/index.php\/wp-json\/wp\/v2\/media?parent=1362"}],"curies":[{"name":"wp","href":"https:\/\/api.w.org\/{rel}","templated":true}]}}