{"id":1360,"date":"2018-05-09T13:14:18","date_gmt":"2018-05-09T10:14:18","guid":{"rendered":"http:\/\/tsfmuhendislik.com\/?page_id=1360"},"modified":"2018-05-09T13:14:18","modified_gmt":"2018-05-09T10:14:18","slug":"exproof-vincler-ex-proof","status":"publish","type":"page","link":"http:\/\/tsfmuhendislik.com\/index.php\/exproof-vincler-ex-proof\/","title":{"rendered":"EXPROOF V\u0130N\u00c7LER ( Ex-Proof )"},"content":{"rendered":"<p><strong><img decoding=\"async\" loading=\"lazy\" class=\"alignnone wp-image-1353 size-full\" src=\"http:\/\/tsfmuhendislik.com\/wp-content\/uploads\/2018\/05\/TSF-exproof-atex.jpg\" sizes=\"(max-width: 649px) 100vw, 649px\" srcset=\"http:\/\/tsfmuhendislik.com\/wp-content\/uploads\/2018\/05\/TSF-exproof-atex.jpg 649w, http:\/\/tsfmuhendislik.com\/wp-content\/uploads\/2018\/05\/TSF-exproof-atex-300x58.jpg 300w\" alt=\"\" width=\"649\" height=\"126\" \/><\/strong><\/p>\n<p>( Her tip [ Tek Kiri\u015f, \u00c7ift Kiri\u015f, Pergel, Portal ] Exproof vin\u00e7 \u0130malat\u0131 yapmaktay\u0131z. Vin\u00e7in k\u0131v\u0131lc\u0131m \u00e7\u0131karmas\u0131 \u00f6nlenmi\u015ftir. Elektrik malzemelerinin hepsi Exproof ATEX belgelidir. Tekerlekleri, kancas\u0131 vs. k\u0131v\u0131lc\u0131m \u00e7\u0131karmayacak \u015fekilde tasarlanm\u0131\u015ft\u0131r. Exproof kald\u0131rma guruplar\u0131 ithal gelmekte ve di\u011fer tamamlay\u0131c\u0131 konstr\u00fcksiyonu ve montaj\u0131 taraf\u0131m\u0131zdan yap\u0131lmakta. )<\/p>\n<p><strong>EXPROOF NED\u0130R ?<\/strong><\/p>\n<p>Exproof, explosions proof\u00a0 kelimesinin k\u0131salt\u0131lm\u0131\u015f \u015feklidir, daha ziyade ABD de bu \u015fekilde kullan\u0131l\u0131r. \u0130ngilizce kar\u015f\u0131l\u0131\u011f\u0131 \u2018explosions protection\u2019 d\u0131r. T\u00fcrk\u00e7e kar\u015f\u0131l\u0131\u011f\u0131 \u201cpatlamaya kar\u015f\u0131 korunmu\u015f\u201dolarak terc\u00fcme edilebilir.<\/p>\n<p>T\u00fcrk\u00e7e\u2019de de Exproof kelimesi yayg\u0131n olarak kullan\u0131lmaktad\u0131r. Teknik anlamda \u201cPatlay\u0131c\u0131 Ortamlarda Kullan\u0131lan Aletler\u201di ifade etmek i\u00e7in k\u0131saca Exproof tabiri kullan\u0131lmaktad\u0131r.<\/p>\n<p>Patlay\u0131c\u0131 ortamlarda kullan\u0131lan vin\u00e7lere k\u0131saca Exproof Vin\u00e7 ad\u0131 verilmektedir.<\/p>\n<p>Exproof vin\u00e7ler Patlay\u0131c\u0131 gaz, buhar, toz bulunan ortamlar\u0131n infilak etmesine sebep olmazlar. Exproof vin\u00e7lerin yap\u0131lar\u0131 farkl\u0131d\u0131r. A\u015f\u0131r\u0131 \u0131s\u0131nmazlar, \u00f6rne\u011fin benzin, tiner, alkol\u00a0 ve solventli ortamlarda \u00e7al\u0131\u015ft\u0131r\u0131ld\u0131klar\u0131nda bu maddelerin yanmas\u0131na ve patlamas\u0131na sebep olmazlar.<\/p>\n<p><strong>EXPROOF V\u0130N\u00c7 ZONE-B\u00d6LGE SE\u00c7\u0130M\u0130;<\/strong><\/p>\n<p>Exproof vin\u00e7lerde ZONE se\u00e7imi<\/p>\n<p>1- \u00c7al\u0131\u015faca\u011f\u0131 yer ; ( Patlay\u0131c\u0131 ortamda konumu )<\/p>\n<p><img decoding=\"async\" loading=\"lazy\" class=\"alignnone wp-image-1357 size-full\" src=\"http:\/\/tsfmuhendislik.com\/wp-content\/uploads\/2018\/05\/ZON-%C5%9EEMAT%C4%B0K-G%C3%96STER%C4%B0M.png\" sizes=\"(max-width: 510px) 100vw, 510px\" srcset=\"http:\/\/tsfmuhendislik.com\/wp-content\/uploads\/2018\/05\/ZON-\u015eEMAT\u0130K-G\u00d6STER\u0130M.png 510w, http:\/\/tsfmuhendislik.com\/wp-content\/uploads\/2018\/05\/ZON-\u015eEMAT\u0130K-G\u00d6STER\u0130M-300x118.png 300w\" alt=\"\" width=\"510\" height=\"200\" \/><\/p>\n<p>2- Patlama riski do\u011furan etken \u00a0( Gaz, buhar \u2013 Toz ) ve patlay\u0131c\u0131 unsurun olu\u015fma \u015fekli ;<\/p>\n<p><img decoding=\"async\" loading=\"lazy\" class=\"alignnone wp-image-1344 size-full\" src=\"http:\/\/tsfmuhendislik.com\/wp-content\/uploads\/2018\/05\/EXPROOF-V%C4%B0N%C3%87-ZONE-SE%C3%87%C4%B0M%C4%B0.png\" sizes=\"(max-width: 709px) 100vw, 709px\" srcset=\"http:\/\/tsfmuhendislik.com\/wp-content\/uploads\/2018\/05\/EXPROOF-V\u0130N\u00c7-ZONE-SE\u00c7\u0130M\u0130.png 709w, http:\/\/tsfmuhendislik.com\/wp-content\/uploads\/2018\/05\/EXPROOF-V\u0130N\u00c7-ZONE-SE\u00c7\u0130M\u0130-300x97.png 300w\" alt=\"\" width=\"709\" height=\"230\" \/><\/p>\n<p>De\u011ferlendirilerek se\u00e7ilir. ( Exproof vin\u00e7 zone-b\u00f6lge se\u00e7imi \u00a0)<\/p>\n<p>Ayr\u0131ca Patlama unsurunun kimyasal yap\u0131s\u0131 ve patlama s\u0131cakl\u0131\u011f\u0131 da bilinmelidir.<\/p>\n<p><img decoding=\"async\" loading=\"lazy\" class=\"alignnone wp-image-1347 size-full\" src=\"http:\/\/tsfmuhendislik.com\/wp-content\/uploads\/2018\/05\/%C4%B1s%C4%B1-gruplar%C4%B1.png\" sizes=\"(max-width: 530px) 100vw, 530px\" srcset=\"http:\/\/tsfmuhendislik.com\/wp-content\/uploads\/2018\/05\/\u0131s\u0131-gruplar\u0131.png 530w, http:\/\/tsfmuhendislik.com\/wp-content\/uploads\/2018\/05\/\u0131s\u0131-gruplar\u0131-300x175.png 300w\" alt=\"\" width=\"530\" height=\"310\" \/><\/p>\n<p>Buradan hareketle vin\u00e7in \u0131s\u0131 grubu belirlenir.<\/p>\n<p><img decoding=\"async\" loading=\"lazy\" class=\"alignnone wp-image-1345 size-full\" src=\"http:\/\/tsfmuhendislik.com\/wp-content\/uploads\/2018\/05\/gazlar%C4%B1n-%C4%B1s%C4%B1-grubu.png\" sizes=\"(max-width: 525px) 100vw, 525px\" srcset=\"http:\/\/tsfmuhendislik.com\/wp-content\/uploads\/2018\/05\/gazlar\u0131n-\u0131s\u0131-grubu.png 525w, http:\/\/tsfmuhendislik.com\/wp-content\/uploads\/2018\/05\/gazlar\u0131n-\u0131s\u0131-grubu-300x154.png 300w\" alt=\"\" width=\"525\" height=\"269\" \/><\/p>\n<p><img decoding=\"async\" loading=\"lazy\" class=\"alignnone wp-image-1348 size-full\" src=\"http:\/\/tsfmuhendislik.com\/wp-content\/uploads\/2018\/05\/patlay%C4%B1c%C4%B1-gazlar.png\" sizes=\"(max-width: 527px) 100vw, 527px\" srcset=\"http:\/\/tsfmuhendislik.com\/wp-content\/uploads\/2018\/05\/patlay\u0131c\u0131-gazlar.png 527w, http:\/\/tsfmuhendislik.com\/wp-content\/uploads\/2018\/05\/patlay\u0131c\u0131-gazlar-300x172.png 300w\" alt=\"\" width=\"527\" height=\"302\" \/><\/p>\n<p>Bu ko\u015fullar bilinmedik\u00e7e Exproof vin\u00e7 fonsiyonel olmayacakt\u0131r. Risklidir.<\/p>\n<p>Vin\u00e7lerde Uygulanan koruma tipi ise ;<\/p>\n<p><img decoding=\"async\" loading=\"lazy\" class=\"alignnone wp-image-1341 size-full\" src=\"http:\/\/tsfmuhendislik.com\/wp-content\/uploads\/2018\/05\/d-tipi-koruma.png\" sizes=\"(max-width: 646px) 100vw, 646px\" srcset=\"http:\/\/tsfmuhendislik.com\/wp-content\/uploads\/2018\/05\/d-tipi-koruma.png 646w, http:\/\/tsfmuhendislik.com\/wp-content\/uploads\/2018\/05\/d-tipi-koruma-300x98.png 300w\" alt=\"\" width=\"646\" height=\"211\" \/><\/p>\n<p>Ex-d dir. Exproof vin\u00e7 pano i\u00e7lerinde \u00a0patlama olmas\u0131 halinde bile patlama kaynakl\u0131 s\u0131cak gaz ve alev d\u0131\u015f ortama c\u0131kmayacakt\u0131r.<\/p>\n<p>&nbsp;<\/p>\n<h2>EXPROOF V\u0130N\u00c7 \u00d6ZELL\u0130KLER\u0130 ;<\/h2>\n<p>Kald\u0131rma grubu \u0130thal ve \u00f6zel imal edilmi\u015ftir. ATEX belgelidir.<\/p>\n<p>Kancalar\u0131 k\u0131v\u0131lc\u0131m \u00e7\u0131karmayacak t\u00fcrden , dayan\u0131kl\u0131 bir y\u00fczey kaplamas\u0131yla kapl\u0131d\u0131r yada \u00f6zel malzeme kullan\u0131lm\u0131\u015ft\u0131r.<\/p>\n<p>Tekerlekleri k\u0131v\u0131lc\u0131m \u00e7\u0131karmayacak malzemeden yap\u0131lm\u0131\u015ft\u0131r.<\/p>\n<p>Y\u00fcr\u00fcy\u00fc\u015f gruplar\u0131 \u00d6zel imalat ve ATEX belgelidir. ( Red\u00fckt\u00f6rler \u2013 Motorlar )<\/p>\n<p>Kullan\u0131lan t\u00fcm elektrik aksam\u0131 Exproof \u00f6zellikte ve ATEX belgelidir.<\/p>\n","protected":false},"excerpt":{"rendered":"<p>( Her tip [ Tek Kiri\u015f, \u00c7ift Kiri\u015f, Pergel, Portal ] Exproof vin\u00e7 \u0130malat\u0131 yapmaktay\u0131z. Vin\u00e7in k\u0131v\u0131lc\u0131m \u00e7\u0131karmas\u0131 \u00f6nlenmi\u015ftir. Elektrik malzemelerinin hepsi Exproof ATEX belgelidir. Tekerlekleri, kancas\u0131 vs. k\u0131v\u0131lc\u0131m \u00e7\u0131karmayacak \u015fekilde tasarlanm\u0131\u015ft\u0131r. Exproof kald\u0131rma guruplar\u0131 ithal gelmekte ve di\u011fer tamamlay\u0131c\u0131 konstr\u00fcksiyonu ve montaj\u0131 taraf\u0131m\u0131zdan yap\u0131lmakta. ) EXPROOF NED\u0130R ? Exproof, explosions proof\u00a0 kelimesinin k\u0131salt\u0131lm\u0131\u015f \u015feklidir, [&hellip;]<\/p>\n","protected":false},"author":1,"featured_media":0,"parent":0,"menu_order":0,"comment_status":"closed","ping_status":"closed","template":"","meta":{"footnotes":""},"_links":{"self":[{"href":"http:\/\/tsfmuhendislik.com\/index.php\/wp-json\/wp\/v2\/pages\/1360"}],"collection":[{"href":"http:\/\/tsfmuhendislik.com\/index.php\/wp-json\/wp\/v2\/pages"}],"about":[{"href":"http:\/\/tsfmuhendislik.com\/index.php\/wp-json\/wp\/v2\/types\/page"}],"author":[{"embeddable":true,"href":"http:\/\/tsfmuhendislik.com\/index.php\/wp-json\/wp\/v2\/users\/1"}],"replies":[{"embeddable":true,"href":"http:\/\/tsfmuhendislik.com\/index.php\/wp-json\/wp\/v2\/comments?post=1360"}],"version-history":[{"count":1,"href":"http:\/\/tsfmuhendislik.com\/index.php\/wp-json\/wp\/v2\/pages\/1360\/revisions"}],"predecessor-version":[{"id":1361,"href":"http:\/\/tsfmuhendislik.com\/index.php\/wp-json\/wp\/v2\/pages\/1360\/revisions\/1361"}],"wp:attachment":[{"href":"http:\/\/tsfmuhendislik.com\/index.php\/wp-json\/wp\/v2\/media?parent=1360"}],"curies":[{"name":"wp","href":"https:\/\/api.w.org\/{rel}","templated":true}]}}