{"id":1170,"date":"2018-04-26T22:48:46","date_gmt":"2018-04-26T19:48:46","guid":{"rendered":"http:\/\/tsfmuhendislik.com\/?page_id=1170"},"modified":"2018-06-12T13:32:38","modified_gmt":"2018-06-12T10:32:38","slug":"vinc-aksesuarlari-komponetleri","status":"publish","type":"page","link":"http:\/\/tsfmuhendislik.com\/index.php\/vinc-aksesuarlari-komponetleri\/","title":{"rendered":"V\u0130N\u00c7 AKSESUARLARI &#038; KOMPONETLER\u0130"},"content":{"rendered":"<p><strong><img decoding=\"async\" loading=\"lazy\" class=\"alignnone wp-image-1184 \" src=\"http:\/\/tsfmuhendislik.com\/wp-content\/uploads\/2018\/04\/vin\u00e7-kompenet.jpg\" alt=\"\" width=\"132\" height=\"63\" \/><\/strong><br \/>\n<strong>\u0130\u015fletmenizin gereksinimi olan V\u0130N\u00c7 KONPONETLER\u0130 VE AKSESUARLARI i\u00e7in ;\u00a0KOMPENENTLER\u0130\u00a0\u00a0<\/strong><strong>Projelendirme, Sat\u0131\u015f ve i\u015fletmenize montaj , Devreye al\u0131p, gerekli e\u011fitim sonras\u0131 teslim.\u00a0\u00a0<\/strong><strong>Konular\u0131nda hizmet vermekteyiz.<\/strong><\/p>\n<p><strong><img decoding=\"async\" loading=\"lazy\" class=\"alignnone wp-image-1184 \" src=\"http:\/\/tsfmuhendislik.com\/wp-content\/uploads\/2018\/04\/vin\u00e7-kompenet.jpg\" alt=\"\" width=\"132\" height=\"63\" \/>\u00a0<\/strong><strong>Vin\u00e7\u00a0&#8220;C RAY&#8221; KABLO S\u0130STEM\u0130 ;<\/strong><\/p>\n<figure id=\"attachment_1171\" aria-describedby=\"caption-attachment-1171\" style=\"width: 676px\" class=\"wp-caption alignnone\"><img decoding=\"async\" loading=\"lazy\" class=\"wp-image-1171\" src=\"http:\/\/tsfmuhendislik.com\/wp-content\/uploads\/2018\/04\/vin\u00e7-c-ray-sistemleri.jpg\" alt=\"\" width=\"676\" height=\"238\" srcset=\"http:\/\/tsfmuhendislik.com\/wp-content\/uploads\/2018\/04\/vin\u00e7-c-ray-sistemleri.jpg 558w, http:\/\/tsfmuhendislik.com\/wp-content\/uploads\/2018\/04\/vin\u00e7-c-ray-sistemleri-300x105.jpg 300w\" sizes=\"(max-width: 676px) 100vw, 676px\" \/><figcaption id=\"caption-attachment-1171\" class=\"wp-caption-text\">vin\u00e7 C Ray sistemleri, kornij kablo arabas\u0131, \u00f6nc\u00fc araba,.<\/figcaption><\/figure>\n<p><strong><img decoding=\"async\" loading=\"lazy\" class=\"alignnone wp-image-1184 \" src=\"http:\/\/tsfmuhendislik.com\/wp-content\/uploads\/2018\/04\/vin\u00e7-kompenet.jpg\" alt=\"\" width=\"132\" height=\"63\" \/>\u00a0 <\/strong><strong>Vin\u00e7\u00a0PVC BARA S\u0130STEMLER\u0130 ;<\/strong><\/p>\n<figure id=\"attachment_1173\" aria-describedby=\"caption-attachment-1173\" style=\"width: 647px\" class=\"wp-caption alignnone\"><img decoding=\"async\" loading=\"lazy\" class=\"wp-image-1173 size-full\" src=\"http:\/\/tsfmuhendislik.com\/wp-content\/uploads\/2018\/04\/VAHLE-Vin\u00e7-bara-sistemi.jpg\" alt=\"\" width=\"647\" height=\"326\" srcset=\"http:\/\/tsfmuhendislik.com\/wp-content\/uploads\/2018\/04\/VAHLE-Vin\u00e7-bara-sistemi.jpg 647w, http:\/\/tsfmuhendislik.com\/wp-content\/uploads\/2018\/04\/VAHLE-Vin\u00e7-bara-sistemi-300x151.jpg 300w\" sizes=\"(max-width: 647px) 100vw, 647px\" \/><figcaption id=\"caption-attachment-1173\" class=\"wp-caption-text\">Vin\u00e7 PVC bara sistemi<\/figcaption><\/figure>\n<p><strong><img decoding=\"async\" loading=\"lazy\" class=\"alignnone wp-image-1184 \" src=\"http:\/\/tsfmuhendislik.com\/wp-content\/uploads\/2018\/04\/vin\u00e7-kompenet.jpg\" alt=\"\" width=\"132\" height=\"63\" \/>\u00a0 <\/strong><strong>Vin\u00e7\u00a0UZAKTAN KUMANDA S\u0130STEMLER\u0130 ;<\/strong><\/p>\n<figure id=\"attachment_1174\" aria-describedby=\"caption-attachment-1174\" style=\"width: 657px\" class=\"wp-caption alignnone\"><img decoding=\"async\" loading=\"lazy\" class=\"wp-image-1174 \" src=\"http:\/\/tsfmuhendislik.com\/wp-content\/uploads\/2018\/04\/vin\u00e7-uzaktan-kumanda.jpg\" alt=\"\" width=\"657\" height=\"347\" srcset=\"http:\/\/tsfmuhendislik.com\/wp-content\/uploads\/2018\/04\/vin\u00e7-uzaktan-kumanda.jpg 626w, http:\/\/tsfmuhendislik.com\/wp-content\/uploads\/2018\/04\/vin\u00e7-uzaktan-kumanda-300x159.jpg 300w\" sizes=\"(max-width: 657px) 100vw, 657px\" \/><figcaption id=\"caption-attachment-1174\" class=\"wp-caption-text\">Vin\u00e7 oransal, klasik kumanda sistemleri. Uzaktan kumanda.<\/figcaption><\/figure>\n<p><strong><img decoding=\"async\" loading=\"lazy\" class=\"alignnone wp-image-1184 \" src=\"http:\/\/tsfmuhendislik.com\/wp-content\/uploads\/2018\/04\/vin\u00e7-kompenet.jpg\" alt=\"\" width=\"132\" height=\"63\" \/>\u00a0 Vin\u00e7\u00a0DURDURMA \u00a0TAKOZU ;\u00a0<\/strong><\/p>\n<figure id=\"attachment_1175\" aria-describedby=\"caption-attachment-1175\" style=\"width: 642px\" class=\"wp-caption alignnone\"><img decoding=\"async\" loading=\"lazy\" class=\"wp-image-1175 size-full\" src=\"http:\/\/tsfmuhendislik.com\/wp-content\/uploads\/2018\/04\/STOPLAMA-TAKOZLARI.png\" alt=\"\" width=\"642\" height=\"293\" srcset=\"http:\/\/tsfmuhendislik.com\/wp-content\/uploads\/2018\/04\/STOPLAMA-TAKOZLARI.png 642w, http:\/\/tsfmuhendislik.com\/wp-content\/uploads\/2018\/04\/STOPLAMA-TAKOZLARI-300x137.png 300w\" sizes=\"(max-width: 642px) 100vw, 642px\" \/><figcaption id=\"caption-attachment-1175\" class=\"wp-caption-text\">V\u0130N\u00c7 DURDURMA TAKOZU<\/figcaption><\/figure>\n<p>Standart Vin\u00e7 Durdurma Takozu Enerji Tablosu<br \/>\n<img decoding=\"async\" loading=\"lazy\" class=\"alignnone size-full wp-image-1469\" src=\"http:\/\/tsfmuhendislik.com\/wp-content\/uploads\/2018\/06\/vin\u00e7-tamponu-enerji-tablosu-2.jpg\" alt=\"\" width=\"518\" height=\"224\" srcset=\"http:\/\/tsfmuhendislik.com\/wp-content\/uploads\/2018\/06\/vin\u00e7-tamponu-enerji-tablosu-2.jpg 518w, http:\/\/tsfmuhendislik.com\/wp-content\/uploads\/2018\/06\/vin\u00e7-tamponu-enerji-tablosu-2-300x130.jpg 300w\" sizes=\"(max-width: 518px) 100vw, 518px\" \/><\/p>\n<p><strong><img decoding=\"async\" loading=\"lazy\" class=\"alignnone wp-image-1184 \" src=\"http:\/\/tsfmuhendislik.com\/wp-content\/uploads\/2018\/04\/vin\u00e7-kompenet.jpg\" alt=\"\" width=\"132\" height=\"63\" \/>\u00a0 BA\u015eLIK TAKIMI ve PAR\u00c7ALARI ;<\/strong><\/p>\n<figure id=\"attachment_1176\" aria-describedby=\"caption-attachment-1176\" style=\"width: 826px\" class=\"wp-caption alignnone\"><img decoding=\"async\" loading=\"lazy\" class=\"wp-image-1176 size-full\" src=\"http:\/\/tsfmuhendislik.com\/wp-content\/uploads\/2018\/04\/vin\u00e7-servis-ve-bak\u0131m-ba\u015fl\u0131k-tak\u0131m\u0131.png\" alt=\"\" width=\"826\" height=\"630\" srcset=\"http:\/\/tsfmuhendislik.com\/wp-content\/uploads\/2018\/04\/vin\u00e7-servis-ve-bak\u0131m-ba\u015fl\u0131k-tak\u0131m\u0131.png 826w, http:\/\/tsfmuhendislik.com\/wp-content\/uploads\/2018\/04\/vin\u00e7-servis-ve-bak\u0131m-ba\u015fl\u0131k-tak\u0131m\u0131-300x229.png 300w, http:\/\/tsfmuhendislik.com\/wp-content\/uploads\/2018\/04\/vin\u00e7-servis-ve-bak\u0131m-ba\u015fl\u0131k-tak\u0131m\u0131-768x586.png 768w\" sizes=\"(max-width: 826px) 100vw, 826px\" \/><figcaption id=\"caption-attachment-1176\" class=\"wp-caption-text\">V\u0130N\u00c7 BA\u015eLIK TAKIMI<\/figcaption><\/figure>\n<p>&nbsp;<\/p>\n<p>vin\u00e7, ceraskal,\u00a0k\u00f6pr\u00fc vin\u00e7. gezer k\u00f6pr\u00fcl\u00fc kreyn, tavan vin\u00e7i, portal vin\u00e7, portofolu portal vin\u00e7, topal vin\u00e7, yar\u0131 portal semi portal vin\u00e7, imalat, \u00fcretim, montaj, \u00f6zel vin\u00e7ler, k\u00f6pr\u00fc vin\u00e7 fiyatlar\u0131, 2 el k\u00f6pr\u00fc vin\u00e7, k\u00f6pr\u00fc vin\u00e7 hesab\u0131, portal vin\u00e7 gezer k\u00f6pr\u00fc vin\u00e7 tavan vin\u00e7 k\u00f6pr\u00fc vin\u00e7 kullanma talimat\u0131 k\u00f6pr\u00fc vin\u00e7 ikinci el, vin\u00e7, ceraskal, imalat, imalat\u0131, imalatc\u0131s\u0131, \u00fcreticisi,\u00a0\u00a0ele\u00e7leme vin\u00e7i, forklif vin\u00e7, elektrikli vin\u00e7,\u00a0vin\u00e7 imalat\u0131, tek kiri\u015f vin\u00e7, \u00e7ift kiri\u015f vin\u00e7, eloksal vin\u00e7i,\u00a0vin\u00e7 bak\u0131m, vin\u00e7 montaj, vin\u00e7 ta\u015f\u0131ma, vin\u00e7 montaj, vin\u00e7 devreye alma, vin\u00e7 demontaj,\u00a0vin\u00e7 proje, vin\u00e7 bak\u0131m, vin\u00e7 fenni muayene, vin\u00e7 testi,\u00a0vin\u00e7 kontrol,\u00a0exproof vin\u00e7, \u00f6zel ama\u00e7 vin\u00e7i, dar alana s\u0131\u011facak vin\u00e7, vin\u00e7 maksimum kanca mesafesi, vin\u00e7 minimum kanca mesafesi, minimum kanca mesafesi.\u00a0vin\u00e7 modernizasyonu, vin\u00e7 modifikasyonu, vin\u00e7 yenilenme, vin\u00e7 aks de\u011fi\u015fimi, vin\u00e7 tadilat, vin\u00e7 revizyonu, vin\u00e7 k\u00f6pr\u00fcs\u00fc uzatma,vin\u00e7 k\u00f6pr\u00fcs\u00fc k\u0131saltma, vin\u00e7 k\u00f6pr\u00fcs\u00fc, kiri\u015fi de\u011fi\u015ftirme, vin\u00e7 ba\u015fl\u0131k tak\u0131m\u0131 yenileme, vin\u00e7 bak\u0131m, vin\u00e7 kontrol,\u00a0vin\u00e7 k\u00f6pr\u00fcs\u00fc, portal vin\u00e7, pergel vin\u00e7, jip crane, crane , sarj vin\u00e7i, pota vin\u00e7i, hurda vin\u00e7i, vin\u00e7 modernizasyon, vin\u00e7 boyutu de\u011fi\u015ftirme, vin\u00e7 tekerle\u011fi, vin\u00e7 tanburu,vin\u00e7 tekerle\u011fi, vin\u00e7 tamburu, vin\u00e7 kancas\u0131,. vin\u00e7 k\u00f6pr\u00fcz kesim, s kesim, yeniden \u00e7at\u0131m, kaviye sehim giderme, sehim alma, kapasite art\u0131rma, tonaj y\u00fckseltme, g\u00fc\u00e7 artt\u0131rma, vin\u00e7 b\u00fcy\u00fcte, h\u0131z d\u00fc\u015f\u00fcrme, h\u0131z art\u0131\u015f i\u015flemi, kabin ilavesi. elektik odas\u0131, klima , adaptasyon, ekleme, ilave etme.<\/p>\n","protected":false},"excerpt":{"rendered":"<p>\u0130\u015fletmenizin gereksinimi olan V\u0130N\u00c7 KONPONETLER\u0130 VE AKSESUARLARI i\u00e7in ;\u00a0KOMPENENTLER\u0130\u00a0\u00a0Projelendirme, Sat\u0131\u015f ve i\u015fletmenize montaj , Devreye al\u0131p, gerekli e\u011fitim sonras\u0131 teslim.\u00a0\u00a0Konular\u0131nda hizmet vermekteyiz. \u00a0Vin\u00e7\u00a0&#8220;C RAY&#8221; KABLO S\u0130STEM\u0130 ; \u00a0 Vin\u00e7\u00a0PVC BARA S\u0130STEMLER\u0130 ; \u00a0 Vin\u00e7\u00a0UZAKTAN KUMANDA S\u0130STEMLER\u0130 ; \u00a0 Vin\u00e7\u00a0DURDURMA \u00a0TAKOZU ;\u00a0 Standart Vin\u00e7 Durdurma Takozu Enerji Tablosu \u00a0 BA\u015eLIK TAKIMI ve PAR\u00c7ALARI ; &nbsp; vin\u00e7, [&hellip;]<\/p>\n","protected":false},"author":1,"featured_media":0,"parent":0,"menu_order":0,"comment_status":"closed","ping_status":"closed","template":"","meta":{"footnotes":""},"_links":{"self":[{"href":"http:\/\/tsfmuhendislik.com\/index.php\/wp-json\/wp\/v2\/pages\/1170"}],"collection":[{"href":"http:\/\/tsfmuhendislik.com\/index.php\/wp-json\/wp\/v2\/pages"}],"about":[{"href":"http:\/\/tsfmuhendislik.com\/index.php\/wp-json\/wp\/v2\/types\/page"}],"author":[{"embeddable":true,"href":"http:\/\/tsfmuhendislik.com\/index.php\/wp-json\/wp\/v2\/users\/1"}],"replies":[{"embeddable":true,"href":"http:\/\/tsfmuhendislik.com\/index.php\/wp-json\/wp\/v2\/comments?post=1170"}],"version-history":[{"count":5,"href":"http:\/\/tsfmuhendislik.com\/index.php\/wp-json\/wp\/v2\/pages\/1170\/revisions"}],"predecessor-version":[{"id":1470,"href":"http:\/\/tsfmuhendislik.com\/index.php\/wp-json\/wp\/v2\/pages\/1170\/revisions\/1470"}],"wp:attachment":[{"href":"http:\/\/tsfmuhendislik.com\/index.php\/wp-json\/wp\/v2\/media?parent=1170"}],"curies":[{"name":"wp","href":"https:\/\/api.w.org\/{rel}","templated":true}]}}